{"id":956,"date":"2025-03-18T15:01:34","date_gmt":"2025-03-18T14:01:34","guid":{"rendered":"https:\/\/ciemonalisaklaxon.com\/?page_id=956"},"modified":"2025-03-18T15:01:34","modified_gmt":"2025-03-18T14:01:34","slug":"antoine-lemaire","status":"publish","type":"page","link":"https:\/\/ciemonalisaklaxon.com\/index.php\/antoine-lemaire\/","title":{"rendered":"Antoine Lemaire"},"content":{"rendered":"<div class=\"wp-block-image\">\n<figure class=\"alignleft size-full is-resized\"><img loading=\"lazy\" decoding=\"async\" width=\"530\" height=\"483\" src=\"https:\/\/ciemonalisaklaxon.com\/wp-content\/uploads\/2025\/03\/Photo-Antoine-Lemaire.jpeg\" alt=\"\" class=\"wp-image-957\" style=\"width:235px;height:auto\" srcset=\"https:\/\/ciemonalisaklaxon.com\/wp-content\/uploads\/2025\/03\/Photo-Antoine-Lemaire.jpeg 530w, https:\/\/ciemonalisaklaxon.com\/wp-content\/uploads\/2025\/03\/Photo-Antoine-Lemaire-300x273.jpeg 300w, https:\/\/ciemonalisaklaxon.com\/wp-content\/uploads\/2025\/03\/Photo-Antoine-Lemaire-329x300.jpeg 329w\" sizes=\"auto, (max-width: 530px) 100vw, 530px\" \/><\/figure>\n<\/div>\n\n\n<p>Antoine Lemaire est un auteur, metteur en sc\u00e8ne et acteur fran\u00e7ais. Il est le directeur de la Compagnie THEC, qu&rsquo;il a fond\u00e9e en 1997. Antoine Lemaire est \u00e9galement com\u00e9dien. Il joue dans certaines de ses propres cr\u00e9ations, telles que \u00ab\u00a0L&rsquo;Instant T\u00a0\u00bb et \u00ab\u00a0Tenderness\u00a0\u00bb, mais aussi dans \u00ab\u00a0La cuisine d&rsquo;Elvis\u00a0\u00bb de Lee Hall, mis en sc\u00e8ne par Nicolas Ory.<\/p>\n\n\n\n<p>Par ailleurs, il est membre des EAT (Ecrivains Associ\u00e9s de Th\u00e9\u00e2tre) et Vice-Pr\u00e9sident de la section Nord-Pas-de-Calais. Il est \u00e9galement formateur et titulaire du Dipl\u00f4me d&rsquo;\u00c9tat d&rsquo;enseignement du th\u00e9\u00e2tre.<\/p>\n","protected":false},"excerpt":{"rendered":"<p>Antoine Lemaire est un auteur, metteur en sc\u00e8ne et acteur fran\u00e7ais. Il est le directeur de la Compagnie THEC, qu&rsquo;il a fond\u00e9e en 1997. Antoine &hellip;<\/p>\n","protected":false},"author":1,"featured_media":0,"parent":0,"menu_order":0,"comment_status":"closed","ping_status":"closed","template":"","meta":{"footnotes":""},"class_list":["post-956","page","type-page","status-publish","hentry"],"_links":{"self":[{"href":"https:\/\/ciemonalisaklaxon.com\/index.php\/wp-json\/wp\/v2\/pages\/956","targetHints":{"allow":["GET"]}}],"collection":[{"href":"https:\/\/ciemonalisaklaxon.com\/index.php\/wp-json\/wp\/v2\/pages"}],"about":[{"href":"https:\/\/ciemonalisaklaxon.com\/index.php\/wp-json\/wp\/v2\/types\/page"}],"author":[{"embeddable":true,"href":"https:\/\/ciemonalisaklaxon.com\/index.php\/wp-json\/wp\/v2\/users\/1"}],"replies":[{"embeddable":true,"href":"https:\/\/ciemonalisaklaxon.com\/index.php\/wp-json\/wp\/v2\/comments?post=956"}],"version-history":[{"count":1,"href":"https:\/\/ciemonalisaklaxon.com\/index.php\/wp-json\/wp\/v2\/pages\/956\/revisions"}],"predecessor-version":[{"id":958,"href":"https:\/\/ciemonalisaklaxon.com\/index.php\/wp-json\/wp\/v2\/pages\/956\/revisions\/958"}],"wp:attachment":[{"href":"https:\/\/ciemonalisaklaxon.com\/index.php\/wp-json\/wp\/v2\/media?parent=956"}],"curies":[{"name":"wp","href":"https:\/\/api.w.org\/{rel}","templated":true}]}}