{"id":950,"date":"2025-03-10T00:18:50","date_gmt":"2025-03-09T23:18:50","guid":{"rendered":"https:\/\/ciemonalisaklaxon.com\/?page_id=950"},"modified":"2025-03-18T14:44:27","modified_gmt":"2025-03-18T13:44:27","slug":"lucile-hours","status":"publish","type":"page","link":"https:\/\/ciemonalisaklaxon.com\/index.php\/lucile-hours\/","title":{"rendered":"Lucile HOURS"},"content":{"rendered":"\n<div class=\"wp-block-columns is-layout-flex wp-container-core-columns-is-layout-9d6595d7 wp-block-columns-is-layout-flex\">\n<div class=\"wp-block-column is-layout-flow wp-block-column-is-layout-flow\" style=\"flex-basis:33.33%\">\n<figure class=\"wp-block-image size-full is-resized\"><img loading=\"lazy\" decoding=\"async\" width=\"960\" height=\"956\" src=\"https:\/\/ciemonalisaklaxon.com\/wp-content\/uploads\/2025\/03\/PhotoEquipe_LUCILE.jpg\" alt=\"\" class=\"wp-image-951\" style=\"width:289px;height:auto\" srcset=\"https:\/\/ciemonalisaklaxon.com\/wp-content\/uploads\/2025\/03\/PhotoEquipe_LUCILE.jpg 960w, https:\/\/ciemonalisaklaxon.com\/wp-content\/uploads\/2025\/03\/PhotoEquipe_LUCILE-300x300.jpg 300w, https:\/\/ciemonalisaklaxon.com\/wp-content\/uploads\/2025\/03\/PhotoEquipe_LUCILE-150x150.jpg 150w, https:\/\/ciemonalisaklaxon.com\/wp-content\/uploads\/2025\/03\/PhotoEquipe_LUCILE-768x765.jpg 768w, https:\/\/ciemonalisaklaxon.com\/wp-content\/uploads\/2025\/03\/PhotoEquipe_LUCILE-301x300.jpg 301w\" sizes=\"auto, (max-width: 960px) 100vw, 960px\" \/><\/figure>\n<\/div>\n\n\n\n<div class=\"wp-block-column is-layout-flow wp-block-column-is-layout-flow\" style=\"flex-basis:66.66%\">\n<p>Lucile con\u00e7oit et effectue la mise en place des d\u00e9cors et des accessoires pour des spectacles, des tournages.<\/p>\n\n\n\n<p>Form\u00e9e \u00e0 la fabrication d&rsquo;accessoires au CFPTS de Bagnolet, Lucile Hours collabore, depuis 2017 avec la cie des Gens en Franche Comt\u00e9 pour la sc\u00e9nographie et les costumes. Elle travaille \u00e9galement aupr\u00e8s de la cie Les Rois Vagabonds sur leur tourn\u00e9e en 2023 et pour l\u2019espace sc\u00e9nique de Cendrillon cr\u00e9\u00e9 \u00e0 l\u2019Op\u00e9ra National de Lorraine.<\/p>\n<\/div>\n<\/div>\n","protected":false},"excerpt":{"rendered":"<p>Lucile con\u00e7oit et effectue la mise en place des d\u00e9cors et des accessoires pour des spectacles, des tournages. Form\u00e9e \u00e0 la fabrication d&rsquo;accessoires au CFPTS &hellip;<\/p>\n","protected":false},"author":1,"featured_media":0,"parent":0,"menu_order":0,"comment_status":"closed","ping_status":"closed","template":"","meta":{"footnotes":""},"class_list":["post-950","page","type-page","status-publish","hentry"],"_links":{"self":[{"href":"https:\/\/ciemonalisaklaxon.com\/index.php\/wp-json\/wp\/v2\/pages\/950","targetHints":{"allow":["GET"]}}],"collection":[{"href":"https:\/\/ciemonalisaklaxon.com\/index.php\/wp-json\/wp\/v2\/pages"}],"about":[{"href":"https:\/\/ciemonalisaklaxon.com\/index.php\/wp-json\/wp\/v2\/types\/page"}],"author":[{"embeddable":true,"href":"https:\/\/ciemonalisaklaxon.com\/index.php\/wp-json\/wp\/v2\/users\/1"}],"replies":[{"embeddable":true,"href":"https:\/\/ciemonalisaklaxon.com\/index.php\/wp-json\/wp\/v2\/comments?post=950"}],"version-history":[{"count":1,"href":"https:\/\/ciemonalisaklaxon.com\/index.php\/wp-json\/wp\/v2\/pages\/950\/revisions"}],"predecessor-version":[{"id":952,"href":"https:\/\/ciemonalisaklaxon.com\/index.php\/wp-json\/wp\/v2\/pages\/950\/revisions\/952"}],"wp:attachment":[{"href":"https:\/\/ciemonalisaklaxon.com\/index.php\/wp-json\/wp\/v2\/media?parent=950"}],"curies":[{"name":"wp","href":"https:\/\/api.w.org\/{rel}","templated":true}]}}