{"id":90,"date":"2024-05-01T20:49:37","date_gmt":"2024-05-01T18:49:37","guid":{"rendered":"https:\/\/ciemonalisaklaxon.com\/?page_id=90"},"modified":"2024-06-28T22:33:10","modified_gmt":"2024-06-28T20:33:10","slug":"les-bonnes-ou-la-tragedie-des-confidentes","status":"publish","type":"page","link":"https:\/\/ciemonalisaklaxon.com\/index.php\/creations\/les-bonnes-ou-la-tragedie-des-confidentes\/","title":{"rendered":"Les Bonnes (ou la trag\u00e9die des confidentes)"},"content":{"rendered":"\n<div class=\"wp-block-columns is-layout-flex wp-container-core-columns-is-layout-9d6595d7 wp-block-columns-is-layout-flex\">\n<div class=\"wp-block-column is-layout-flow wp-block-column-is-layout-flow\" style=\"flex-basis:100%\">\n<div class=\"wp-block-columns is-layout-flex wp-container-core-columns-is-layout-9d6595d7 wp-block-columns-is-layout-flex\">\n<div class=\"wp-block-column is-layout-flow wp-block-column-is-layout-flow\">\n<figure class=\"wp-block-image size-full is-resized\"><img loading=\"lazy\" decoding=\"async\" width=\"446\" height=\"625\" src=\"http:\/\/ciemonalisaklaxon.com\/wp-content\/uploads\/2024\/05\/MASTER-TRACT-RO-2.jpg\" alt=\"MASTER TRACT RO 2\" class=\"wp-image-292\" style=\"width:615px;height:auto\" srcset=\"https:\/\/ciemonalisaklaxon.com\/wp-content\/uploads\/2024\/05\/MASTER-TRACT-RO-2.jpg 446w, https:\/\/ciemonalisaklaxon.com\/wp-content\/uploads\/2024\/05\/MASTER-TRACT-RO-2-214x300.jpg 214w\" sizes=\"auto, (max-width: 446px) 100vw, 446px\" \/><\/figure>\n<\/div>\n\n\n\n<div class=\"wp-block-column is-layout-flow wp-block-column-is-layout-flow\">\n<p style=\"text-align: left;\">En 1947, <strong>Jean Genet<\/strong>\u00a0 r\u00e9invente l\u2019affaire Papin, d\u00e9cortiquant jusqu\u2019\u00e0 la folie ce petit\u00a0<strong>th\u00e9\u00e2tre social<\/strong>. Lors de la premi\u00e8re \u00e9dition, il avait intitul\u00e9 la pi\u00e8ce <em>\u00ab\u00a0La trag\u00e9die des confidentes\u00a0\u00bb<\/em> faisant ainsi des deux protagonistes domestiques des personnages illustres aux prises avec des conflits int\u00e9rieurs et un destin exceptionnel et malheureux.<\/p>\n<p style=\"text-align: left;\"><strong>La pi\u00e8ce dit l\u2019impossible retournement du rapport de force entre dominants et domin\u00e9s.<\/strong><\/p>\n<p style=\"text-align: left;\">Comme toute trag\u00e9die, elle puise sa force dans les arch\u00e9types qui construisent les rapports humains, ici, c\u2019est celui de deux mondes qui cohabitent sous le m\u00eame toit et qui in\u00e9vitablement doivent se confronter.<\/p>\n<p style=\"text-align: left;\">Dans le travail nous avons abord\u00e9 la recherche de l\u2019\u00e2me du clown que peuvent porter les personnages de Jean Genet. <strong>Pousser le clown \u00e0 trouver cette \u00e2me qui doit l\u2019accompagner dans sa travers\u00e9e existentielle, o\u00f9 le temps et l\u2019espace sont sans cesse fractur\u00e9s, disloqu\u00e9s, comprim\u00e9s, c\u2019est \u00e0 dire profond\u00e9ment quantique.\u00a0<\/strong><\/p>\n<p style=\"text-align: left;\">Les clowns se trouvent dans cette fronti\u00e8re \u00e9trange, po\u00e9tique et fascinante \u00e0 laquelle ils peuvent nous faire acc\u00e9der. Lorsque nous parlons d\u2019un clown tragique il ne s\u2019agit pas de l\u2019assombrir, non il s\u2019agit bien au contraire d\u2019alimenter sa lumi\u00e8re avec une dimension myst\u00e9rieuse et po\u00e9tique, l\u00e0 o\u00f9 le rire du public vient saluer non pas la performance sc\u00e9nique mais plut\u00f4t l\u2019\u00e9clat de vie dont il est capable.<\/p>\n<p style=\"text-align: left;\"><strong>Ainsi les personnages de Claire, Solange et Madame sont nourris du souffle du th\u00e9\u00e2tre du grotesque et de la trag\u00e9die port\u00e9e par la pi\u00e8ce en elle-m\u00eame.<\/strong><\/p>\n<\/div>\n<\/div>\n<\/div>\n<\/div>\n\n\n\n<div class=\"wp-block-columns is-layout-flex wp-container-core-columns-is-layout-9d6595d7 wp-block-columns-is-layout-flex\">\n<div class=\"wp-block-column is-vertically-aligned-top is-layout-flow wp-block-column-is-layout-flow\">\n<div class=\"wp-block-columns is-layout-flex wp-container-core-columns-is-layout-9d6595d7 wp-block-columns-is-layout-flex\">\n<div class=\"wp-block-column is-vertically-aligned-center is-layout-flow wp-block-column-is-layout-flow\">\n<figure class=\"wp-block-embed is-type-video is-provider-youtube wp-block-embed-youtube wp-embed-aspect-16-9 wp-has-aspect-ratio\"><div class=\"wp-block-embed__wrapper\">\n<iframe loading=\"lazy\" title=\"Les bonnes  2024\" width=\"1032\" height=\"581\" src=\"https:\/\/www.youtube.com\/embed\/lO6k73ZNizA?feature=oembed\" frameborder=\"0\" allow=\"accelerometer; autoplay; clipboard-write; encrypted-media; gyroscope; picture-in-picture; web-share\" referrerpolicy=\"strict-origin-when-cross-origin\" allowfullscreen><\/iframe>\n<\/div><figcaption class=\"wp-element-caption\">Bande Annonce Les Bonnes<\/figcaption><\/figure>\n<\/div>\n\n\n\n<div class=\"wp-block-column is-layout-flow wp-block-column-is-layout-flow\">\n<h2 class=\"wp-block-heading has-accent-2-color has-text-color has-link-color wp-elements-cc463db4d4c12f8208020676659db829\">Distribution<\/h2>\n\n\n\n<p><strong>Mise en sc\u00e8ne:&nbsp;<\/strong> Marcos MALAVIA assist\u00e9 par Ma\u00efa Rivi\u00e8re<br><strong>Avec<\/strong> : Am\u00e9lie Dumetz, Victor Quezada-Perez et Marcos Malavia<br><strong>D\u00e9cor et lumi\u00e8res :<\/strong> Erick Priano<br><strong>Costumes :<\/strong> Kinga Kozakowska<br><strong>Production :<\/strong> Mona Lisa Klaxon et Paso-Prod.<br><strong>Cor\u00e9alisation:<\/strong>&nbsp;Th\u00e9\u00e2tre El Duende \u00e0 Ivry sur Seine<br><strong>Avec le soutien:<\/strong> du Th\u00e9\u00e2tre du Nord CDN de Lille<br>et la collaboration du Th\u00e9\u00e2tre des Carmes d\u2019Avignon,<br>du Th\u00e9\u00e2tre de l\u2019\u00c9p\u00e9e de bois Cartoucherie de Vincennes et du Th\u00e9\u00e2tre Aleph \u00e0 Ivry sur Seine.<br><strong>Tout Public<\/strong> \u00e0 partir de 11 ans<br><strong>Dur\u00e9e du spectacle<\/strong> 1 heure 15 min<\/p>\n<\/div>\n<\/div>\n<\/div>\n<\/div>\n\n\n\n<div class=\"wp-block-group\"><div class=\"wp-block-group__inner-container is-layout-constrained wp-block-group-is-layout-constrained\">\n<hr class=\"wp-block-separator has-alpha-channel-opacity\"\/>\n<\/div><\/div>\n\n\n\n<div class=\"wp-block-columns is-layout-flex wp-container-core-columns-is-layout-9d6595d7 wp-block-columns-is-layout-flex\">\n<div class=\"wp-block-column is-layout-flow wp-block-column-is-layout-flow\">\n<figure class=\"wp-block-image size-large\"><img loading=\"lazy\" decoding=\"async\" width=\"1024\" height=\"576\" src=\"http:\/\/ciemonalisaklaxon.com\/wp-content\/uploads\/2024\/05\/Site-MLK_Miniatures_2_Les-Bonnes-1024x576.jpg\" alt=\"\" class=\"wp-image-101\" srcset=\"https:\/\/ciemonalisaklaxon.com\/wp-content\/uploads\/2024\/05\/Site-MLK_Miniatures_2_Les-Bonnes-1024x576.jpg 1024w, https:\/\/ciemonalisaklaxon.com\/wp-content\/uploads\/2024\/05\/Site-MLK_Miniatures_2_Les-Bonnes-300x169.jpg 300w, https:\/\/ciemonalisaklaxon.com\/wp-content\/uploads\/2024\/05\/Site-MLK_Miniatures_2_Les-Bonnes-768x432.jpg 768w, https:\/\/ciemonalisaklaxon.com\/wp-content\/uploads\/2024\/05\/Site-MLK_Miniatures_2_Les-Bonnes-1536x864.jpg 1536w, https:\/\/ciemonalisaklaxon.com\/wp-content\/uploads\/2024\/05\/Site-MLK_Miniatures_2_Les-Bonnes-533x300.jpg 533w, https:\/\/ciemonalisaklaxon.com\/wp-content\/uploads\/2024\/05\/Site-MLK_Miniatures_2_Les-Bonnes.jpg 1920w\" sizes=\"auto, (max-width: 1024px) 100vw, 1024px\" \/><\/figure>\n<\/div>\n\n\n\n<div class=\"wp-block-column is-layout-flow wp-block-column-is-layout-flow\">\n<figure class=\"wp-block-image size-large\"><img loading=\"lazy\" decoding=\"async\" width=\"1024\" height=\"576\" src=\"http:\/\/ciemonalisaklaxon.com\/wp-content\/uploads\/2024\/05\/Site-MLK_Miniatures-Les-Bonnes-1024x576.jpg\" alt=\"\" class=\"wp-image-100\" srcset=\"https:\/\/ciemonalisaklaxon.com\/wp-content\/uploads\/2024\/05\/Site-MLK_Miniatures-Les-Bonnes-1024x576.jpg 1024w, https:\/\/ciemonalisaklaxon.com\/wp-content\/uploads\/2024\/05\/Site-MLK_Miniatures-Les-Bonnes-300x169.jpg 300w, https:\/\/ciemonalisaklaxon.com\/wp-content\/uploads\/2024\/05\/Site-MLK_Miniatures-Les-Bonnes-768x432.jpg 768w, https:\/\/ciemonalisaklaxon.com\/wp-content\/uploads\/2024\/05\/Site-MLK_Miniatures-Les-Bonnes-1536x864.jpg 1536w, https:\/\/ciemonalisaklaxon.com\/wp-content\/uploads\/2024\/05\/Site-MLK_Miniatures-Les-Bonnes-533x300.jpg 533w, https:\/\/ciemonalisaklaxon.com\/wp-content\/uploads\/2024\/05\/Site-MLK_Miniatures-Les-Bonnes.jpg 1920w\" sizes=\"auto, (max-width: 1024px) 100vw, 1024px\" \/><\/figure>\n<\/div>\n<\/div>\n\n\n\n<div class=\"wp-block-columns is-layout-flex wp-container-core-columns-is-layout-9d6595d7 wp-block-columns-is-layout-flex\">\n<div class=\"wp-block-column is-layout-flow wp-block-column-is-layout-flow\">\n<figure class=\"wp-block-image size-large\"><img loading=\"lazy\" decoding=\"async\" width=\"1024\" height=\"576\" src=\"http:\/\/ciemonalisaklaxon.com\/wp-content\/uploads\/2024\/06\/rush-plan-serrer-.00_09_55_26.Still011-1024x576.jpg\" alt=\"\" class=\"wp-image-458\" srcset=\"https:\/\/ciemonalisaklaxon.com\/wp-content\/uploads\/2024\/06\/rush-plan-serrer-.00_09_55_26.Still011-1024x576.jpg 1024w, https:\/\/ciemonalisaklaxon.com\/wp-content\/uploads\/2024\/06\/rush-plan-serrer-.00_09_55_26.Still011-300x169.jpg 300w, https:\/\/ciemonalisaklaxon.com\/wp-content\/uploads\/2024\/06\/rush-plan-serrer-.00_09_55_26.Still011-768x432.jpg 768w, https:\/\/ciemonalisaklaxon.com\/wp-content\/uploads\/2024\/06\/rush-plan-serrer-.00_09_55_26.Still011-1536x864.jpg 1536w, https:\/\/ciemonalisaklaxon.com\/wp-content\/uploads\/2024\/06\/rush-plan-serrer-.00_09_55_26.Still011-533x300.jpg 533w, https:\/\/ciemonalisaklaxon.com\/wp-content\/uploads\/2024\/06\/rush-plan-serrer-.00_09_55_26.Still011.jpg 1920w\" sizes=\"auto, (max-width: 1024px) 100vw, 1024px\" \/><\/figure>\n<\/div>\n\n\n\n<div class=\"wp-block-column is-layout-flow wp-block-column-is-layout-flow\">\n<figure class=\"wp-block-image size-large\"><img loading=\"lazy\" decoding=\"async\" width=\"1024\" height=\"576\" src=\"https:\/\/ciemonalisaklaxon.com\/wp-content\/uploads\/2024\/06\/rush-plan-serrer-.00_28_55_43.Still031-1024x576.jpg\" alt=\"\" class=\"wp-image-460\" srcset=\"https:\/\/ciemonalisaklaxon.com\/wp-content\/uploads\/2024\/06\/rush-plan-serrer-.00_28_55_43.Still031-1024x576.jpg 1024w, https:\/\/ciemonalisaklaxon.com\/wp-content\/uploads\/2024\/06\/rush-plan-serrer-.00_28_55_43.Still031-300x169.jpg 300w, https:\/\/ciemonalisaklaxon.com\/wp-content\/uploads\/2024\/06\/rush-plan-serrer-.00_28_55_43.Still031-768x432.jpg 768w, https:\/\/ciemonalisaklaxon.com\/wp-content\/uploads\/2024\/06\/rush-plan-serrer-.00_28_55_43.Still031-1536x864.jpg 1536w, https:\/\/ciemonalisaklaxon.com\/wp-content\/uploads\/2024\/06\/rush-plan-serrer-.00_28_55_43.Still031-533x300.jpg 533w, https:\/\/ciemonalisaklaxon.com\/wp-content\/uploads\/2024\/06\/rush-plan-serrer-.00_28_55_43.Still031.jpg 1920w\" sizes=\"auto, (max-width: 1024px) 100vw, 1024px\" \/><\/figure>\n<\/div>\n<\/div>\n\n\n\n<hr class=\"wp-block-separator has-alpha-channel-opacity\"\/>\n\n\n\n<div class=\"wp-block-columns is-layout-flex wp-container-core-columns-is-layout-9d6595d7 wp-block-columns-is-layout-flex\">\n<div class=\"wp-block-column is-layout-flow wp-block-column-is-layout-flow\">\n<h2 class=\"wp-block-heading has-accent-2-color has-text-color has-link-color wp-elements-e1591568562894c7fd2c86516789829c\">Revue de presse<\/h2>\n<\/div>\n\n\n\n<div class=\"wp-block-column is-layout-flow wp-block-column-is-layout-flow\">\n<h2 class=\"wp-block-heading has-accent-2-color has-text-color has-link-color wp-elements-cd0cdcf59a982dd04417313efac2e3d7\">Dossier Artistique<\/h2>\n<\/div>\n<\/div>\n\n\n\n<div class=\"wp-block-columns is-layout-flex wp-container-core-columns-is-layout-9d6595d7 wp-block-columns-is-layout-flex\">\n<div class=\"wp-block-column is-layout-flow wp-block-column-is-layout-flow\"><div class=\"real3dflipbook\" id=\"0_69e0f0de87e47\" style=\"position:absolute;\"><\/div><\/div>\n\n\n\n<div class=\"wp-block-column is-layout-flow wp-block-column-is-layout-flow\"><div class=\"real3dflipbook\" id=\"0_69e0f0de87f4a\" style=\"position:absolute;\"><\/div><\/div>\n<\/div>\n\n\n\n<div class=\"wp-block-buttons is-content-justification-space-between is-layout-flex wp-container-core-buttons-is-layout-3d213aab wp-block-buttons-is-layout-flex\">\n<div class=\"wp-block-button\"><a class=\"wp-block-button__link wp-element-button\">TELECHARGER<\/a><\/div>\n\n\n\n<div class=\"wp-block-button\"><a class=\"wp-block-button__link wp-element-button\">TELECHARGER<\/a><\/div>\n<\/div>\n\n\n\n<div class=\"wp-block-columns is-layout-flex wp-container-core-columns-is-layout-9d6595d7 wp-block-columns-is-layout-flex\">\n<div class=\"wp-block-column is-layout-flow wp-block-column-is-layout-flow\" style=\"flex-basis:100%\"><\/div>\n<\/div>\n\n\n\n<figure class=\"wp-block-embed alignleft is-type-video is-provider-youtube wp-block-embed-youtube wp-embed-aspect-16-9 wp-has-aspect-ratio\"><div class=\"wp-block-embed__wrapper\">\n<iframe loading=\"lazy\" title=\"Tourn\u00e9e Bolivie\" width=\"1032\" height=\"581\" src=\"https:\/\/www.youtube.com\/embed\/O_ZzLvRZ6ZQ?feature=oembed\" frameborder=\"0\" allow=\"accelerometer; autoplay; clipboard-write; encrypted-media; gyroscope; picture-in-picture; web-share\" referrerpolicy=\"strict-origin-when-cross-origin\" allowfullscreen><\/iframe>\n<\/div><figcaption class=\"wp-element-caption\">Tourn\u00e9e Bolivie Ao\u00fbt 2023<\/figcaption><\/figure>\n","protected":false},"excerpt":{"rendered":"<p>En 1947, Jean Genet\u00a0 r\u00e9invente l\u2019affaire Papin, d\u00e9cortiquant jusqu\u2019\u00e0 la folie ce petit\u00a0th\u00e9\u00e2tre social. Lors de la premi\u00e8re \u00e9dition, il avait intitul\u00e9 la pi\u00e8ce \u00ab\u00a0La &hellip;<\/p>\n","protected":false},"author":1,"featured_media":93,"parent":14,"menu_order":1,"comment_status":"closed","ping_status":"closed","template":"","meta":{"footnotes":""},"class_list":["post-90","page","type-page","status-publish","has-post-thumbnail","hentry"],"_links":{"self":[{"href":"https:\/\/ciemonalisaklaxon.com\/index.php\/wp-json\/wp\/v2\/pages\/90","targetHints":{"allow":["GET"]}}],"collection":[{"href":"https:\/\/ciemonalisaklaxon.com\/index.php\/wp-json\/wp\/v2\/pages"}],"about":[{"href":"https:\/\/ciemonalisaklaxon.com\/index.php\/wp-json\/wp\/v2\/types\/page"}],"author":[{"embeddable":true,"href":"https:\/\/ciemonalisaklaxon.com\/index.php\/wp-json\/wp\/v2\/users\/1"}],"replies":[{"embeddable":true,"href":"https:\/\/ciemonalisaklaxon.com\/index.php\/wp-json\/wp\/v2\/comments?post=90"}],"version-history":[{"count":96,"href":"https:\/\/ciemonalisaklaxon.com\/index.php\/wp-json\/wp\/v2\/pages\/90\/revisions"}],"predecessor-version":[{"id":685,"href":"https:\/\/ciemonalisaklaxon.com\/index.php\/wp-json\/wp\/v2\/pages\/90\/revisions\/685"}],"up":[{"embeddable":true,"href":"https:\/\/ciemonalisaklaxon.com\/index.php\/wp-json\/wp\/v2\/pages\/14"}],"wp:featuredmedia":[{"embeddable":true,"href":"https:\/\/ciemonalisaklaxon.com\/index.php\/wp-json\/wp\/v2\/media\/93"}],"wp:attachment":[{"href":"https:\/\/ciemonalisaklaxon.com\/index.php\/wp-json\/wp\/v2\/media?parent=90"}],"curies":[{"name":"wp","href":"https:\/\/api.w.org\/{rel}","templated":true}]}}