{"id":786,"date":"2025-02-06T13:37:29","date_gmt":"2025-02-06T12:37:29","guid":{"rendered":"https:\/\/ciemonalisaklaxon.com\/?page_id=786"},"modified":"2025-09-30T11:42:52","modified_gmt":"2025-09-30T09:42:52","slug":"rhapsodie-pour-chauve-2","status":"publish","type":"page","link":"https:\/\/ciemonalisaklaxon.com\/index.php\/creations\/rhapsodie-pour-chauve-2\/","title":{"rendered":"Rhapsodie pour Chauve"},"content":{"rendered":"\n<div class=\"wp-block-columns is-layout-flex wp-container-core-columns-is-layout-9d6595d7 wp-block-columns-is-layout-flex\">\n<div class=\"wp-block-column is-layout-flow wp-block-column-is-layout-flow\">\n<figure class=\"wp-block-image size-large\"><img loading=\"lazy\" decoding=\"async\" width=\"728\" height=\"1024\" src=\"http:\/\/ciemonalisaklaxon.com\/wp-content\/uploads\/2025\/02\/Affiche-Epee-de-bois_Mars-2025-728x1024.jpg\" alt=\"\" class=\"wp-image-733\" srcset=\"https:\/\/ciemonalisaklaxon.com\/wp-content\/uploads\/2025\/02\/Affiche-Epee-de-bois_Mars-2025-728x1024.jpg 728w, https:\/\/ciemonalisaklaxon.com\/wp-content\/uploads\/2025\/02\/Affiche-Epee-de-bois_Mars-2025-213x300.jpg 213w, https:\/\/ciemonalisaklaxon.com\/wp-content\/uploads\/2025\/02\/Affiche-Epee-de-bois_Mars-2025-768x1080.jpg 768w, https:\/\/ciemonalisaklaxon.com\/wp-content\/uploads\/2025\/02\/Affiche-Epee-de-bois_Mars-2025-1092x1536.jpg 1092w, https:\/\/ciemonalisaklaxon.com\/wp-content\/uploads\/2025\/02\/Affiche-Epee-de-bois_Mars-2025.jpg 1138w\" sizes=\"auto, (max-width: 728px) 100vw, 728px\" \/><\/figure>\n<\/div>\n\n\n\n<div class=\"wp-block-column is-layout-flow wp-block-column-is-layout-flow\">\n<h3>Comment?<\/h3>\n<p>Six \u00e2mes perdues, six clowns en qu\u00eate d\u2019un pass\u00e9 oubli\u00e9.\u00a0Ils \u00e9chouent dans une salle d\u2019attente hors du temps. Leurs m\u00e9moires fissur\u00e9es ne leur permettent ni de se reconna\u00eetre, ni de comprendre o\u00f9 ils ont pu se croiser. Pourtant, quelque chose gronde en eux : cette impression obs\u00e9dante de d\u00e9j\u00e0-vu. Alors, ils cherchent. Ils s\u2019accrochent \u00e0 des fragments d\u2019identit\u00e9, tentent de reconstruire un sens. Mais plus ils avancent, plus la r\u00e9alit\u00e9 se d\u00e9lite. Pepo, l\u2019homme de m\u00e9nage, veille. Impassible il les accompagne dans leurs mensonges et leurs v\u00e9rit\u00e9s.\u00a0<\/p>\n<p>\u00ab Rhapsodie pour chauve \u00bb sonde, avec une cruaut\u00e9 jubilatoire, l\u2019absurdit\u00e9 des rapports humains et l\u2019ali\u00e9nation de l\u2019individu dans un monde sans logique.<\/p>\n<p>La pi\u00e8ce explore un univers d\u00e9pouill\u00e9 de m\u00e9moire, o\u00f9 les personnages, sans rep\u00e8res ni identit\u00e9, errent dans un pr\u00e9sent perp\u00e9tuel et absurde. Eberlu\u00e9s et perdus ils se questionnent de leur regard effray\u00e9: A pr\u00e9sent quel nouveau monde inventer\u00a0?<\/p>\n<\/div>\n<\/div>\n\n\n\n<hr class=\"wp-block-separator has-alpha-channel-opacity\"\/>\n\n\n\n<h3 class=\"wp-block-heading\">Distribution<\/h3>\n\n\n\n<div class=\"wp-block-columns are-vertically-aligned-center is-layout-flex wp-container-core-columns-is-layout-9d6595d7 wp-block-columns-is-layout-flex\">\n<div class=\"wp-block-column is-vertically-aligned-center is-layout-flow wp-block-column-is-layout-flow\" style=\"flex-basis:100%\">\n<p><strong>Dramaturgie et Mise en sc\u00e8ne:&nbsp;<\/strong> Marcos MALAVIA&nbsp; <strong>Assistanat \u00e0 la mise en sc\u00e8ne<\/strong> C\u00e9cile Bouteiller<br><strong>Avec<\/strong> : Am\u00e9lie Dumetz, Dominique Darcel, Victor Quezada-Perez, Fr\u00e9d\u00e9ric Mayer, Marcos Malavia, Tristan Rivi\u00e8re. <br><strong>D\u00e9cor :<\/strong> Lucile Hours et Marcos Malavia<br><strong>Lumi\u00e8res et Graphisme:<\/strong> Erick Priano<br><strong>Production :<\/strong> Mona Lisa Klaxon et Paso-Prod.<br><strong>Cor\u00e9alisation:<\/strong> du Th\u00e9\u00e2tre de l\u2019\u00c9p\u00e9e de bois Cartoucherie de Vincennes&nbsp;<br><strong>Avec le soutien:<\/strong> Th\u00e9\u00e2tre El Duende \u00e0 Ivry sur Seine&nbsp;et du Th\u00e9\u00e2tre Aleph \u00e0 Ivry sur Seine.<br><strong>Tout Public<\/strong> \u00e0 partir de 11 ans<br><strong>Dur\u00e9e du spectacle<\/strong> 1 heure 15 min<\/p>\n\n\n\n<div class=\"wp-block-columns is-layout-flex wp-container-core-columns-is-layout-9d6595d7 wp-block-columns-is-layout-flex\">\n<div class=\"wp-block-column is-layout-flow wp-block-column-is-layout-flow\">\n<figure class=\"wp-block-embed is-type-video is-provider-youtube wp-block-embed-youtube wp-embed-aspect-16-9 wp-has-aspect-ratio\"><div class=\"wp-block-embed__wrapper\">\n<iframe loading=\"lazy\" title=\"Bande Annonce Rhapsodie pour Chauve\" width=\"1032\" height=\"581\" src=\"https:\/\/www.youtube.com\/embed\/BPhye-Sri3M?feature=oembed\" frameborder=\"0\" allow=\"accelerometer; autoplay; clipboard-write; encrypted-media; gyroscope; picture-in-picture; web-share\" referrerpolicy=\"strict-origin-when-cross-origin\" allowfullscreen><\/iframe>\n<\/div><\/figure>\n<\/div>\n\n\n\n<div class=\"wp-block-column is-layout-flow wp-block-column-is-layout-flow\">\n<div class=\"wp-block-group\"><div class=\"wp-block-group__inner-container is-layout-constrained wp-block-group-is-layout-constrained\">\n<div data-wp-interactive=\"core\/file\" class=\"wp-block-file\"><object data-wp-bind--hidden=\"!state.hasPdfPreview\" hidden class=\"wp-block-file__embed\" data=\"https:\/\/ciemonalisaklaxon.com\/wp-content\/uploads\/2025\/09\/Dossier-de-presse_Rhapsodie-pour-chauve_2025.pdf\" type=\"application\/pdf\" style=\"width:100%;height:250px\" aria-label=\"Contenu embarqu\u00e9 Dossier de presse_Rhapsodie pour chauve_2025.\"><\/object><a id=\"wp-block-file--media-80de2b4f-955d-4133-bef0-93f8acf02d93\" href=\"https:\/\/ciemonalisaklaxon.com\/wp-content\/uploads\/2025\/09\/Dossier-de-presse_Rhapsodie-pour-chauve_2025.pdf\">Dossier de presse_Rhapsodie pour chauve_2025<\/a><a href=\"https:\/\/ciemonalisaklaxon.com\/wp-content\/uploads\/2025\/09\/Dossier-de-presse_Rhapsodie-pour-chauve_2025.pdf\" class=\"wp-block-file__button wp-element-button\" download aria-describedby=\"wp-block-file--media-80de2b4f-955d-4133-bef0-93f8acf02d93\">T\u00e9l\u00e9charger<\/a><\/div>\n<\/div><\/div>\n<\/div>\n<\/div>\n<\/div>\n<\/div>\n\n\n\n<hr class=\"wp-block-separator has-alpha-channel-opacity\"\/>\n\n\n\n<div class=\"wp-block-columns is-layout-flex wp-container-core-columns-is-layout-9d6595d7 wp-block-columns-is-layout-flex\">\n<div class=\"wp-block-column is-layout-flow wp-block-column-is-layout-flow\" style=\"flex-basis:100%\">\n<figure class=\"wp-block-gallery has-nested-images columns-3 wp-block-gallery-1 is-layout-flex wp-block-gallery-is-layout-flex\">\n<figure class=\"wp-block-image size-large\"><img loading=\"lazy\" decoding=\"async\" width=\"1024\" height=\"683\" data-id=\"730\" src=\"https:\/\/ciemonalisaklaxon.com\/wp-content\/uploads\/2025\/02\/IMG_6426-1024x683.jpg\" alt=\"\" class=\"wp-image-730\" srcset=\"https:\/\/ciemonalisaklaxon.com\/wp-content\/uploads\/2025\/02\/IMG_6426-1024x683.jpg 1024w, https:\/\/ciemonalisaklaxon.com\/wp-content\/uploads\/2025\/02\/IMG_6426-300x200.jpg 300w, https:\/\/ciemonalisaklaxon.com\/wp-content\/uploads\/2025\/02\/IMG_6426-768x512.jpg 768w, https:\/\/ciemonalisaklaxon.com\/wp-content\/uploads\/2025\/02\/IMG_6426-1536x1024.jpg 1536w, https:\/\/ciemonalisaklaxon.com\/wp-content\/uploads\/2025\/02\/IMG_6426-2048x1365.jpg 2048w, https:\/\/ciemonalisaklaxon.com\/wp-content\/uploads\/2025\/02\/IMG_6426-450x300.jpg 450w\" sizes=\"auto, (max-width: 1024px) 100vw, 1024px\" \/><\/figure>\n\n\n\n<figure class=\"wp-block-image size-large\"><img loading=\"lazy\" decoding=\"async\" width=\"1024\" height=\"662\" data-id=\"732\" src=\"https:\/\/ciemonalisaklaxon.com\/wp-content\/uploads\/2025\/02\/IMG_6348-Copie-1024x662.jpg\" alt=\"\" class=\"wp-image-732\" srcset=\"https:\/\/ciemonalisaklaxon.com\/wp-content\/uploads\/2025\/02\/IMG_6348-Copie-1024x662.jpg 1024w, https:\/\/ciemonalisaklaxon.com\/wp-content\/uploads\/2025\/02\/IMG_6348-Copie-300x194.jpg 300w, https:\/\/ciemonalisaklaxon.com\/wp-content\/uploads\/2025\/02\/IMG_6348-Copie-768x497.jpg 768w, https:\/\/ciemonalisaklaxon.com\/wp-content\/uploads\/2025\/02\/IMG_6348-Copie-1536x993.jpg 1536w, https:\/\/ciemonalisaklaxon.com\/wp-content\/uploads\/2025\/02\/IMG_6348-Copie-2048x1325.jpg 2048w, https:\/\/ciemonalisaklaxon.com\/wp-content\/uploads\/2025\/02\/IMG_6348-Copie-464x300.jpg 464w\" sizes=\"auto, (max-width: 1024px) 100vw, 1024px\" \/><\/figure>\n\n\n\n<figure class=\"wp-block-image size-large\"><img loading=\"lazy\" decoding=\"async\" width=\"1024\" height=\"815\" data-id=\"729\" src=\"https:\/\/ciemonalisaklaxon.com\/wp-content\/uploads\/2025\/02\/IMG_6412-1024x815.jpg\" alt=\"\" class=\"wp-image-729\" srcset=\"https:\/\/ciemonalisaklaxon.com\/wp-content\/uploads\/2025\/02\/IMG_6412-1024x815.jpg 1024w, https:\/\/ciemonalisaklaxon.com\/wp-content\/uploads\/2025\/02\/IMG_6412-300x239.jpg 300w, https:\/\/ciemonalisaklaxon.com\/wp-content\/uploads\/2025\/02\/IMG_6412-768x611.jpg 768w, https:\/\/ciemonalisaklaxon.com\/wp-content\/uploads\/2025\/02\/IMG_6412-1536x1223.jpg 1536w, https:\/\/ciemonalisaklaxon.com\/wp-content\/uploads\/2025\/02\/IMG_6412-2048x1630.jpg 2048w, https:\/\/ciemonalisaklaxon.com\/wp-content\/uploads\/2025\/02\/IMG_6412-377x300.jpg 377w\" sizes=\"auto, (max-width: 1024px) 100vw, 1024px\" \/><\/figure>\n\n\n\n<figure class=\"wp-block-image size-large\"><img loading=\"lazy\" decoding=\"async\" width=\"1500\" height=\"1000\" data-id=\"814\" src=\"https:\/\/ciemonalisaklaxon.com\/wp-content\/uploads\/2025\/02\/IMG_6352-Copie-2-edited-2.jpg\" alt=\"\" class=\"wp-image-814\" srcset=\"https:\/\/ciemonalisaklaxon.com\/wp-content\/uploads\/2025\/02\/IMG_6352-Copie-2-edited-2.jpg 1500w, https:\/\/ciemonalisaklaxon.com\/wp-content\/uploads\/2025\/02\/IMG_6352-Copie-2-edited-2-300x200.jpg 300w, https:\/\/ciemonalisaklaxon.com\/wp-content\/uploads\/2025\/02\/IMG_6352-Copie-2-edited-2-1024x683.jpg 1024w, https:\/\/ciemonalisaklaxon.com\/wp-content\/uploads\/2025\/02\/IMG_6352-Copie-2-edited-2-768x512.jpg 768w, https:\/\/ciemonalisaklaxon.com\/wp-content\/uploads\/2025\/02\/IMG_6352-Copie-2-edited-2-450x300.jpg 450w\" sizes=\"auto, (max-width: 1500px) 100vw, 1500px\" \/><\/figure>\n\n\n\n<figure class=\"wp-block-image size-large is-style-default\"><img loading=\"lazy\" decoding=\"async\" width=\"1024\" height=\"683\" data-id=\"731\" src=\"https:\/\/ciemonalisaklaxon.com\/wp-content\/uploads\/2025\/02\/IMG_6463-1024x683.jpg\" alt=\"\" class=\"wp-image-731\" srcset=\"https:\/\/ciemonalisaklaxon.com\/wp-content\/uploads\/2025\/02\/IMG_6463-1024x683.jpg 1024w, https:\/\/ciemonalisaklaxon.com\/wp-content\/uploads\/2025\/02\/IMG_6463-300x200.jpg 300w, https:\/\/ciemonalisaklaxon.com\/wp-content\/uploads\/2025\/02\/IMG_6463-768x512.jpg 768w, https:\/\/ciemonalisaklaxon.com\/wp-content\/uploads\/2025\/02\/IMG_6463-1536x1024.jpg 1536w, https:\/\/ciemonalisaklaxon.com\/wp-content\/uploads\/2025\/02\/IMG_6463-2048x1365.jpg 2048w, https:\/\/ciemonalisaklaxon.com\/wp-content\/uploads\/2025\/02\/IMG_6463-450x300.jpg 450w\" sizes=\"auto, (max-width: 1024px) 100vw, 1024px\" \/><\/figure>\n\n\n\n<figure class=\"wp-block-image size-large is-style-default\"><img loading=\"lazy\" decoding=\"async\" width=\"768\" height=\"1024\" data-id=\"740\" src=\"https:\/\/ciemonalisaklaxon.com\/wp-content\/uploads\/2025\/02\/IMG_6442-edited-768x1024.jpg\" alt=\"\" class=\"wp-image-740\" srcset=\"https:\/\/ciemonalisaklaxon.com\/wp-content\/uploads\/2025\/02\/IMG_6442-edited-768x1024.jpg 768w, https:\/\/ciemonalisaklaxon.com\/wp-content\/uploads\/2025\/02\/IMG_6442-edited-225x300.jpg 225w, https:\/\/ciemonalisaklaxon.com\/wp-content\/uploads\/2025\/02\/IMG_6442-edited-1152x1536.jpg 1152w, https:\/\/ciemonalisaklaxon.com\/wp-content\/uploads\/2025\/02\/IMG_6442-edited-1537x2048.jpg 1537w, https:\/\/ciemonalisaklaxon.com\/wp-content\/uploads\/2025\/02\/IMG_6442-edited-scaled.jpg 1921w\" sizes=\"auto, (max-width: 768px) 100vw, 768px\" \/><\/figure>\n<\/figure>\n<\/div>\n<\/div>\n\n\n\n<hr class=\"wp-block-separator has-alpha-channel-opacity\"\/>\n\n\n\n<ul class=\"wp-block-social-links is-layout-flex wp-block-social-links-is-layout-flex\"><li class=\"wp-social-link wp-social-link-facebook  wp-block-social-link\"><a href=\"https:\/\/iframe%20src=https:\/\/www.facebook.com\/plugins\/post.php?href=https%3A%2F%2Fwww.facebook.com%2FCieMonaLisaKlaxon%2Fposts%2Fpfbid02TDcoMHHzpzJjRVgTjq3Z4YfttGtxkAzx6VLaDskbcXt33tE4p6Hon9Mk9cS8uR63l&#038;show_text=true&#038;width=500%20width=500%20height=715%20style=border:none;overflow:hidden%20scrolling=no%20frameborder=0%20allowfullscreen=true%20allow=autoplay;%20clipboard-write;%20encrypted-media;%20picture-in-picture;%20web-share\/iframe\" class=\"wp-block-social-link-anchor\"><svg width=\"24\" height=\"24\" viewBox=\"0 0 24 24\" version=\"1.1\" xmlns=\"http:\/\/www.w3.org\/2000\/svg\" aria-hidden=\"true\" focusable=\"false\"><path d=\"M12 2C6.5 2 2 6.5 2 12c0 5 3.7 9.1 8.4 9.9v-7H7.9V12h2.5V9.8c0-2.5 1.5-3.9 3.8-3.9 1.1 0 2.2.2 2.2.2v2.5h-1.3c-1.2 0-1.6.8-1.6 1.6V12h2.8l-.4 2.9h-2.3v7C18.3 21.1 22 17 22 12c0-5.5-4.5-10-10-10z\"><\/path><\/svg><span class=\"wp-block-social-link-label screen-reader-text\">Facebook<\/span><\/a><\/li><\/ul>\n","protected":false},"excerpt":{"rendered":"<p>Des clowns qui sont des misfits, \u00e0 moins que ce ne soit l\u2019inverse.  <\/p>\n","protected":false},"author":1,"featured_media":733,"parent":14,"menu_order":3,"comment_status":"closed","ping_status":"closed","template":"","meta":{"footnotes":""},"class_list":["post-786","page","type-page","status-publish","has-post-thumbnail","hentry"],"_links":{"self":[{"href":"https:\/\/ciemonalisaklaxon.com\/index.php\/wp-json\/wp\/v2\/pages\/786","targetHints":{"allow":["GET"]}}],"collection":[{"href":"https:\/\/ciemonalisaklaxon.com\/index.php\/wp-json\/wp\/v2\/pages"}],"about":[{"href":"https:\/\/ciemonalisaklaxon.com\/index.php\/wp-json\/wp\/v2\/types\/page"}],"author":[{"embeddable":true,"href":"https:\/\/ciemonalisaklaxon.com\/index.php\/wp-json\/wp\/v2\/users\/1"}],"replies":[{"embeddable":true,"href":"https:\/\/ciemonalisaklaxon.com\/index.php\/wp-json\/wp\/v2\/comments?post=786"}],"version-history":[{"count":26,"href":"https:\/\/ciemonalisaklaxon.com\/index.php\/wp-json\/wp\/v2\/pages\/786\/revisions"}],"predecessor-version":[{"id":974,"href":"https:\/\/ciemonalisaklaxon.com\/index.php\/wp-json\/wp\/v2\/pages\/786\/revisions\/974"}],"up":[{"embeddable":true,"href":"https:\/\/ciemonalisaklaxon.com\/index.php\/wp-json\/wp\/v2\/pages\/14"}],"wp:featuredmedia":[{"embeddable":true,"href":"https:\/\/ciemonalisaklaxon.com\/index.php\/wp-json\/wp\/v2\/media\/733"}],"wp:attachment":[{"href":"https:\/\/ciemonalisaklaxon.com\/index.php\/wp-json\/wp\/v2\/media?parent=786"}],"curies":[{"name":"wp","href":"https:\/\/api.w.org\/{rel}","templated":true}]}}