{"id":240,"date":"2024-05-05T22:02:51","date_gmt":"2024-05-05T20:02:51","guid":{"rendered":"https:\/\/ciemonalisaklaxon.com\/?page_id=240"},"modified":"2024-05-10T17:28:44","modified_gmt":"2024-05-10T15:28:44","slug":"marcos-malavia","status":"publish","type":"page","link":"https:\/\/ciemonalisaklaxon.com\/index.php\/marcos-malavia\/","title":{"rendered":"Marcos Malavia"},"content":{"rendered":"<div class=\"wp-block-image\">\n<figure class=\"alignleft size-full is-resized\"><img loading=\"lazy\" decoding=\"async\" width=\"447\" height=\"513\" src=\"http:\/\/ciemonalisaklaxon.com\/wp-content\/uploads\/2024\/05\/Site-MLK_Marcos.jpg\" alt=\"\" class=\"wp-image-98\" style=\"width:210px;height:auto\" srcset=\"https:\/\/ciemonalisaklaxon.com\/wp-content\/uploads\/2024\/05\/Site-MLK_Marcos.jpg 447w, https:\/\/ciemonalisaklaxon.com\/wp-content\/uploads\/2024\/05\/Site-MLK_Marcos-261x300.jpg 261w\" sizes=\"auto, (max-width: 447px) 100vw, 447px\" \/><\/figure>\n<\/div>\n\n\n<div class=\"wp-block-group\"><div class=\"wp-block-group__inner-container is-layout-constrained wp-block-group-is-layout-constrained\">\n<div class=\"wp-block-group\"><div class=\"wp-block-group__inner-container is-layout-constrained wp-block-group-is-layout-constrained\">\n<div class=\"wp-block-group\"><div class=\"wp-block-group__inner-container is-layout-constrained wp-block-group-is-layout-constrained\">\n<p>Il est metteur en sc\u00e8ne, auteur, et acteur. Il est n\u00e9 \u00e0 Huanuni, un petit centre minier \u00e0 4000 m\u00e8tres d\u2019altitude sur l\u2019Altiplano bolivien. Il obtient, gr\u00e2ce \u00e0 un spectacle de mime <em>Juan Cutipa se meurt<\/em>, une bourse du gouvernement fran\u00e7ais qui lui permet d\u2019entrer simultan\u00e9ment \u00e0 l\u2019Ecole Internationale de Mimodrame Marcel Marceau et \u00e0 la Compagnie Renault-Barrault, \u00e0 Paris. Apr\u00e8s avoir obtenu en 1986, le dipl\u00f4me de l\u2019Ecole Marceau, il se sp\u00e9cialise dans la mise en sc\u00e8ne \u00e0 travers diverses exp\u00e9riences comme assistant \u00e0 la mise en sc\u00e8ne\u00a0: \u00e0 l\u2019Op\u00e9ra de Paris, au Th\u00e9\u00e2tre du Rond-Point, et plus longuement avec le Groupe Ts\u00e9 dirig\u00e9 par Alfredo Arias au CDN d\u2019Aubervilliers. Puis il signe quelques mises en sc\u00e8ne \u00e0 Lyon, en Italie et \u00e0 Paris. Avec la Compagnie SourouS, cr\u00e9e en 1990, il signe une vingtaine de mises en sc\u00e8ne parmi lesquelles \u00a0<em>La Grande Lessive<\/em>\u00a0 de Ma\u00efakovski, \u00a0<em>Le Roi se meurt\u00a0<\/em> de Ionesco, \u00a0<em>Antigone<\/em>\u00a0 de Brecht, \u00a0<em>Au bord de la vie\u00a0<\/em> de Gao Xingjian. <\/p>\n\n\n\n<p>Depuis 1996, il co-dirige le Festival Auteurs en Acte, qu\u2019il a cr\u00e9\u00e9, d\u2019abord \u00e0 L\u2019Isle sur la Sorgue dans le Vaucluse, puis \u00e0 Bagneux dans les Hauts de Seine, (www.auteursenacte.com).<\/p>\n\n\n\n<p> En 2004, il a co-fond\u00e9 la premi\u00e8re \u00e9cole nationale de formation professionnelle th\u00e9\u00e2trale en Bolivie, \u00e0 Santa Cruz, dont il est le Directeur (<a href=\"http:\/\/www.escuelateatro.bo.com\">www.escuelateatro.bo.com<\/a>). <\/p>\n\n\n\n<p>Avec le professeur J.P. Assal il \u00e9labore un atelier destin\u00e9 \u00e0 accompagner le v\u00e9cu des malades chroniques qui porte le nom du Th\u00e9\u00e2tre du V\u00e9cu, dont des s\u00e9ances r\u00e9guli\u00e8res ont lieu \u00e0 l\u2019H\u00f4pital de la Pitie Salp\u00eatri\u00e8re \u00e0 ParisIl est \u00e9galement auteur de plusieurs pi\u00e8ces de th\u00e9\u00e2tre (<em>Testament d\u2019un r\u00e9mouleur, Le ventre de la Baleine, La mort du g\u00e9n\u00e9ral, Miroir d\u2019un naufrag\u00e9<\/em>\u2026).<\/p>\n<\/div><\/div>\n<\/div><\/div>\n<\/div><\/div>\n","protected":false},"excerpt":{"rendered":"<p>Il est metteur en sc\u00e8ne, auteur, et acteur. Il est n\u00e9 \u00e0 Huanuni, un petit centre minier \u00e0 4000 m\u00e8tres d\u2019altitude sur l\u2019Altiplano bolivien. Il &hellip;<\/p>\n","protected":false},"author":1,"featured_media":0,"parent":0,"menu_order":0,"comment_status":"closed","ping_status":"closed","template":"","meta":{"footnotes":""},"class_list":["post-240","page","type-page","status-publish","hentry"],"_links":{"self":[{"href":"https:\/\/ciemonalisaklaxon.com\/index.php\/wp-json\/wp\/v2\/pages\/240","targetHints":{"allow":["GET"]}}],"collection":[{"href":"https:\/\/ciemonalisaklaxon.com\/index.php\/wp-json\/wp\/v2\/pages"}],"about":[{"href":"https:\/\/ciemonalisaklaxon.com\/index.php\/wp-json\/wp\/v2\/types\/page"}],"author":[{"embeddable":true,"href":"https:\/\/ciemonalisaklaxon.com\/index.php\/wp-json\/wp\/v2\/users\/1"}],"replies":[{"embeddable":true,"href":"https:\/\/ciemonalisaklaxon.com\/index.php\/wp-json\/wp\/v2\/comments?post=240"}],"version-history":[{"count":2,"href":"https:\/\/ciemonalisaklaxon.com\/index.php\/wp-json\/wp\/v2\/pages\/240\/revisions"}],"predecessor-version":[{"id":287,"href":"https:\/\/ciemonalisaklaxon.com\/index.php\/wp-json\/wp\/v2\/pages\/240\/revisions\/287"}],"wp:attachment":[{"href":"https:\/\/ciemonalisaklaxon.com\/index.php\/wp-json\/wp\/v2\/media?parent=240"}],"curies":[{"name":"wp","href":"https:\/\/api.w.org\/{rel}","templated":true}]}}