{"id":237,"date":"2024-05-05T22:00:19","date_gmt":"2024-05-05T20:00:19","guid":{"rendered":"https:\/\/ciemonalisaklaxon.com\/?page_id=237"},"modified":"2025-03-24T15:38:01","modified_gmt":"2025-03-24T14:38:01","slug":"justine-gaucherand","status":"publish","type":"page","link":"https:\/\/ciemonalisaklaxon.com\/index.php\/justine-gaucherand\/","title":{"rendered":"Justine Gaucherand"},"content":{"rendered":"<div class=\"wp-block-image\">\n<figure class=\"alignleft size-full\"><img loading=\"lazy\" decoding=\"async\" width=\"189\" height=\"189\" src=\"http:\/\/ciemonalisaklaxon.com\/wp-content\/uploads\/2024\/05\/Site-MLK_Justine.jpg\" alt=\"\" class=\"wp-image-95\" srcset=\"https:\/\/ciemonalisaklaxon.com\/wp-content\/uploads\/2024\/05\/Site-MLK_Justine.jpg 189w, https:\/\/ciemonalisaklaxon.com\/wp-content\/uploads\/2024\/05\/Site-MLK_Justine-150x150.jpg 150w\" sizes=\"auto, (max-width: 189px) 100vw, 189px\" \/><\/figure>\n<\/div>\n\n\n<p>Elle a d\u00e9but\u00e9 son parcours musical en 1999 avec des cours de piano et chant au Conservatoire de Voiron (Is\u00e8re). En 2001, elle s\u2019inscrit \u00e0 un cours de d\u00e9couverte des instruments \u00e0 percussions avec Axelle Chassigneux, et poursuit sa formation au sein d\u2019un quatuor de percussionnistes pendant les six ann\u00e9es suivantes. En 2005, le groupe est laur\u00e9at du 2e prix des Jeunesses Musicales. A partir de 2007, Justine continue les percussions et la batterie en solo, et reprend le piano.<\/p>\n\n\n\n<p>En 2015, elle compose la bande originale du court-m\u00e9trage de Meryl Mourey,&nbsp;<em>Bien \u00e0 toi.&nbsp;<\/em>En 2017, elle r\u00e9alise la bande originale de la pi\u00e8ce&nbsp;<em>Au nom du ventre, du cul et de l\u2019esprit saint,&nbsp;<\/em>de Marie-No\u00eblle Delatte. L&rsquo;ann\u00e9e suivante, elle cr\u00e9e la musique du deuxi\u00e8me court-m\u00e9trage de Meryl Mourey (en pr\u00e9paration), puis joue en premi\u00e8re partie du concert de Lili Ster. S\u2019en suit la composition de la musique d\u2019un conte \u00e9crit et dans\u00e9 par des \u00e9l\u00e8ves de l\u2019enseignement secondaire en Nouvelle Aquitaine. Elle rejoint \u00e9galement le projet de la pi\u00e8ce&nbsp;<em>3 minutes pour exister<\/em>&nbsp;de Thomas Boulan, pour laquelle elle composera la musique.<\/p>\n\n\n\n<p>En f\u00e9vrier 2019, elle int\u00e8gre la compagnie Okto et rejoint pour y assurer la cr\u00e9ation musicale et le live sur sc\u00e8ne, le projet <em>Levez-vous pour les B\u00e2tard.e.s !<\/em>\u00a0En janvier 2022, elle pr\u00e9sente son premier set de chansons \u00e0 texte en fran\u00e7ais et en anglais,\u00a0<em>An Introduction,<\/em>\u00a0au th\u00e9\u00e2tre Les D\u00e9chargeurs. En parall\u00e8le de son travail dans le spectacle vivant, Justine encadre des groupes d\u2019adultes en chant choral.<\/p>\n","protected":false},"excerpt":{"rendered":"<p>Elle a d\u00e9but\u00e9 son parcours musical en 1999 avec des cours de piano et chant au Conservatoire de Voiron (Is\u00e8re). En 2001, elle s\u2019inscrit \u00e0 &hellip;<\/p>\n","protected":false},"author":1,"featured_media":0,"parent":0,"menu_order":0,"comment_status":"closed","ping_status":"closed","template":"","meta":{"footnotes":""},"class_list":["post-237","page","type-page","status-publish","hentry"],"_links":{"self":[{"href":"https:\/\/ciemonalisaklaxon.com\/index.php\/wp-json\/wp\/v2\/pages\/237","targetHints":{"allow":["GET"]}}],"collection":[{"href":"https:\/\/ciemonalisaklaxon.com\/index.php\/wp-json\/wp\/v2\/pages"}],"about":[{"href":"https:\/\/ciemonalisaklaxon.com\/index.php\/wp-json\/wp\/v2\/types\/page"}],"author":[{"embeddable":true,"href":"https:\/\/ciemonalisaklaxon.com\/index.php\/wp-json\/wp\/v2\/users\/1"}],"replies":[{"embeddable":true,"href":"https:\/\/ciemonalisaklaxon.com\/index.php\/wp-json\/wp\/v2\/comments?post=237"}],"version-history":[{"count":2,"href":"https:\/\/ciemonalisaklaxon.com\/index.php\/wp-json\/wp\/v2\/pages\/237\/revisions"}],"predecessor-version":[{"id":962,"href":"https:\/\/ciemonalisaklaxon.com\/index.php\/wp-json\/wp\/v2\/pages\/237\/revisions\/962"}],"wp:attachment":[{"href":"https:\/\/ciemonalisaklaxon.com\/index.php\/wp-json\/wp\/v2\/media?parent=237"}],"curies":[{"name":"wp","href":"https:\/\/api.w.org\/{rel}","templated":true}]}}