{"id":234,"date":"2024-05-05T21:57:32","date_gmt":"2024-05-05T19:57:32","guid":{"rendered":"https:\/\/ciemonalisaklaxon.com\/?page_id=234"},"modified":"2024-05-05T21:57:32","modified_gmt":"2024-05-05T19:57:32","slug":"kinga-kozakowska","status":"publish","type":"page","link":"https:\/\/ciemonalisaklaxon.com\/index.php\/kinga-kozakowska\/","title":{"rendered":"Kinga Kozakowska"},"content":{"rendered":"<div class=\"wp-block-image\">\n<figure class=\"alignleft size-full\"><img loading=\"lazy\" decoding=\"async\" width=\"191\" height=\"200\" src=\"http:\/\/ciemonalisaklaxon.com\/wp-content\/uploads\/2024\/05\/Site-MLK_Kinga.jpg\" alt=\"\" class=\"wp-image-96\"\/><\/figure>\n<\/div>\n\n\n<p>D\u2019origine polonaise, depuis 1985 \u00e0 Paris (pour raisons politiques), Kinga Kozakowska est active dans plusieurs domaines cr\u00e9atifs : stylisme, th\u00e9\u00e2tre, cin\u00e9ma d&rsquo;animation, graphisme, etc. Elle se consacre \u00e9galement, depuis une dizaine d\u2019ann\u00e9es, \u00e0 la peinture. Jusqu\u2019en 1985, elle a travaill\u00e9 avec plusieurs galeries nationales et priv\u00e9es, en Pologne, exposant ses dessins, sculptures tiss\u00e9es et cr\u00e9ations vestimentaires. <\/p>\n\n\n\n<p>Son parcours de cr\u00e9ation est inspir\u00e9 par sa rencontre avec le th\u00e9\u00e2tre exp\u00e9rimental de Jerzy Grotowski (1976) \u00e0 Wroclaw en Pologne. Il se compose notamment d\u2019un d\u00e9fil\u00e9 de sa collection, parrain\u00e9 par Jean Farel (1987) \u00e0 Paris, d\u2019un passage par quelques maisons de couture comme Carven ou Thierry Mugler en tant que dessinatrice, styliste et mod\u00e9liste, d\u2019une participation au Forum Fashion \u00e0 Paris (dipl\u00f4me de stylisme en 1995), de plusieurs collaborations avec les metteurs en sc\u00e8ne\u00a0: Ursula Mikos, Renata Scant, Marcos Malavia,\u00a0 Fran\u00e7ois Kergourlay, etc. pour une trentaine de spectacles, comme d\u00e9coratrice, costumi\u00e8re,\u00a0 graphiste, accessoiriste (1986-2009).<\/p>\n","protected":false},"excerpt":{"rendered":"<p>D\u2019origine polonaise, depuis 1985 \u00e0 Paris (pour raisons politiques), Kinga Kozakowska est active dans plusieurs domaines cr\u00e9atifs : stylisme, th\u00e9\u00e2tre, cin\u00e9ma d&rsquo;animation, graphisme, etc. Elle &hellip;<\/p>\n","protected":false},"author":1,"featured_media":0,"parent":0,"menu_order":0,"comment_status":"closed","ping_status":"closed","template":"","meta":{"footnotes":""},"class_list":["post-234","page","type-page","status-publish","hentry"],"_links":{"self":[{"href":"https:\/\/ciemonalisaklaxon.com\/index.php\/wp-json\/wp\/v2\/pages\/234","targetHints":{"allow":["GET"]}}],"collection":[{"href":"https:\/\/ciemonalisaklaxon.com\/index.php\/wp-json\/wp\/v2\/pages"}],"about":[{"href":"https:\/\/ciemonalisaklaxon.com\/index.php\/wp-json\/wp\/v2\/types\/page"}],"author":[{"embeddable":true,"href":"https:\/\/ciemonalisaklaxon.com\/index.php\/wp-json\/wp\/v2\/users\/1"}],"replies":[{"embeddable":true,"href":"https:\/\/ciemonalisaklaxon.com\/index.php\/wp-json\/wp\/v2\/comments?post=234"}],"version-history":[{"count":1,"href":"https:\/\/ciemonalisaklaxon.com\/index.php\/wp-json\/wp\/v2\/pages\/234\/revisions"}],"predecessor-version":[{"id":235,"href":"https:\/\/ciemonalisaklaxon.com\/index.php\/wp-json\/wp\/v2\/pages\/234\/revisions\/235"}],"wp:attachment":[{"href":"https:\/\/ciemonalisaklaxon.com\/index.php\/wp-json\/wp\/v2\/media?parent=234"}],"curies":[{"name":"wp","href":"https:\/\/api.w.org\/{rel}","templated":true}]}}