{"id":232,"date":"2024-05-05T21:53:04","date_gmt":"2024-05-05T19:53:04","guid":{"rendered":"https:\/\/ciemonalisaklaxon.com\/?page_id=232"},"modified":"2024-05-05T21:53:04","modified_gmt":"2024-05-05T19:53:04","slug":"victor-quezada-perez","status":"publish","type":"page","link":"https:\/\/ciemonalisaklaxon.com\/index.php\/victor-quezada-perez\/","title":{"rendered":"Victor Quezada-Perez"},"content":{"rendered":"<div class=\"wp-block-image\">\n<figure class=\"alignleft size-full is-resized\"><img loading=\"lazy\" decoding=\"async\" width=\"424\" height=\"640\" src=\"http:\/\/ciemonalisaklaxon.com\/wp-content\/uploads\/2024\/05\/Site-MLK_Victor.jpg\" alt=\"\" class=\"wp-image-102\" style=\"width:285px;height:auto\" srcset=\"https:\/\/ciemonalisaklaxon.com\/wp-content\/uploads\/2024\/05\/Site-MLK_Victor.jpg 424w, https:\/\/ciemonalisaklaxon.com\/wp-content\/uploads\/2024\/05\/Site-MLK_Victor-199x300.jpg 199w\" sizes=\"auto, (max-width: 424px) 100vw, 424px\" \/><\/figure>\n<\/div>\n\n\n<p>De double nationalit\u00e9 fran\u00e7aise et chilienne, Com\u00e9dien et Metteur en sc\u00e8ne sp\u00e9cialiste des auteurs contemporains et de la premi\u00e8re mise en sc\u00e8ne de textes in\u00e9dits, il travaille avec des auteurs comme Matei Visniec, Pierre Notte, Yanowski, Jos\u00e9 Triana, Luis Sepulveda ou Philippe Myniana.<\/p>\n\n\n\n<p>Connu pour ses \u201cmises en clown\u201d et son engagement citoyen, il a mont\u00e9 trois fois La R\u00e9sistible Ascension d\u2019Arturo Ui.\u00a0<\/p>\n\n\n\n<p>Artiste-r\u00e9sident au prestigieux Trap Door Theater, il est nomin\u00e9 en 2017 aux Awards de Chicago pour Arturo UI et meilleur spectacle aux Award de Detroit pour Alice aux pays des merveilles; Il est aussi Clown et Maitre clown de th\u00e9\u00e2tre cynique et irr\u00e9v\u00e9rencieux.<\/p>\n","protected":false},"excerpt":{"rendered":"<p>De double nationalit\u00e9 fran\u00e7aise et chilienne, Com\u00e9dien et Metteur en sc\u00e8ne sp\u00e9cialiste des auteurs contemporains et de la premi\u00e8re mise en sc\u00e8ne de textes in\u00e9dits, &hellip;<\/p>\n","protected":false},"author":1,"featured_media":0,"parent":0,"menu_order":0,"comment_status":"closed","ping_status":"closed","template":"","meta":{"footnotes":""},"class_list":["post-232","page","type-page","status-publish","hentry"],"_links":{"self":[{"href":"https:\/\/ciemonalisaklaxon.com\/index.php\/wp-json\/wp\/v2\/pages\/232","targetHints":{"allow":["GET"]}}],"collection":[{"href":"https:\/\/ciemonalisaklaxon.com\/index.php\/wp-json\/wp\/v2\/pages"}],"about":[{"href":"https:\/\/ciemonalisaklaxon.com\/index.php\/wp-json\/wp\/v2\/types\/page"}],"author":[{"embeddable":true,"href":"https:\/\/ciemonalisaklaxon.com\/index.php\/wp-json\/wp\/v2\/users\/1"}],"replies":[{"embeddable":true,"href":"https:\/\/ciemonalisaklaxon.com\/index.php\/wp-json\/wp\/v2\/comments?post=232"}],"version-history":[{"count":1,"href":"https:\/\/ciemonalisaklaxon.com\/index.php\/wp-json\/wp\/v2\/pages\/232\/revisions"}],"predecessor-version":[{"id":233,"href":"https:\/\/ciemonalisaklaxon.com\/index.php\/wp-json\/wp\/v2\/pages\/232\/revisions\/233"}],"wp:attachment":[{"href":"https:\/\/ciemonalisaklaxon.com\/index.php\/wp-json\/wp\/v2\/media?parent=232"}],"curies":[{"name":"wp","href":"https:\/\/api.w.org\/{rel}","templated":true}]}}