{"id":230,"date":"2024-05-05T21:49:29","date_gmt":"2024-05-05T19:49:29","guid":{"rendered":"https:\/\/ciemonalisaklaxon.com\/?page_id=230"},"modified":"2024-05-05T21:49:29","modified_gmt":"2024-05-05T19:49:29","slug":"erick-priano","status":"publish","type":"page","link":"https:\/\/ciemonalisaklaxon.com\/index.php\/erick-priano\/","title":{"rendered":"Erick Priano"},"content":{"rendered":"<div class=\"wp-block-image\">\n<figure class=\"alignleft size-full is-resized\"><img loading=\"lazy\" decoding=\"async\" width=\"241\" height=\"209\" src=\"http:\/\/ciemonalisaklaxon.com\/wp-content\/uploads\/2024\/05\/Site-MLK_Erick.jpg\" alt=\"Eric Priano\" class=\"wp-image-92\" style=\"width:235px;height:auto\"\/><\/figure>\n<\/div>\n\n\n<p>Erick Priano vit et travaille \u00e0 Avignon. Il est sc\u00e9nographe, vid\u00e9aste. Cr\u00e9ateur d\u2019images, il travaille \u00e0 ses propres r\u00e9alisations et installations avec un go\u00fbt prononc\u00e9 pour le nitrate.(image argentique comme moyen d\u2019expression rythmique et pictural). Il a r\u00e9alis\u00e9 la cr\u00e9ation lumi\u00e8re et la sc\u00e9nographie de plus de quarante spectacles, notamment avec la compagnie Sourous\u00a0: <em>La grande lessive<\/em>, V. Ma\u00efakovski, <em>Le roi se meurt<\/em> d\u2019Ionesco, <em>Testament d\u2019un r\u00e9mouleur<\/em>; <em>Au bord de la vie<\/em> de G. Xingjian, <em>Op\u00e9ra panique<\/em> d\u2019A.Jodorowski\u2026<\/p>\n\n\n\n<p>Cr\u00e9ations graphiques d\u2019une dizaine d\u2019albums, d\u2019affiches (musique, th\u00e9\u00e2tre) ainsi que de quatre expositions sur le cin\u00e9ma d\u2019animation.<\/p>\n","protected":false},"excerpt":{"rendered":"<p>Erick Priano vit et travaille \u00e0 Avignon. Il est sc\u00e9nographe, vid\u00e9aste. Cr\u00e9ateur d\u2019images, il travaille \u00e0 ses propres r\u00e9alisations et installations avec un go\u00fbt prononc\u00e9 &hellip;<\/p>\n","protected":false},"author":1,"featured_media":0,"parent":0,"menu_order":0,"comment_status":"closed","ping_status":"closed","template":"","meta":{"footnotes":""},"class_list":["post-230","page","type-page","status-publish","hentry"],"_links":{"self":[{"href":"https:\/\/ciemonalisaklaxon.com\/index.php\/wp-json\/wp\/v2\/pages\/230","targetHints":{"allow":["GET"]}}],"collection":[{"href":"https:\/\/ciemonalisaklaxon.com\/index.php\/wp-json\/wp\/v2\/pages"}],"about":[{"href":"https:\/\/ciemonalisaklaxon.com\/index.php\/wp-json\/wp\/v2\/types\/page"}],"author":[{"embeddable":true,"href":"https:\/\/ciemonalisaklaxon.com\/index.php\/wp-json\/wp\/v2\/users\/1"}],"replies":[{"embeddable":true,"href":"https:\/\/ciemonalisaklaxon.com\/index.php\/wp-json\/wp\/v2\/comments?post=230"}],"version-history":[{"count":1,"href":"https:\/\/ciemonalisaklaxon.com\/index.php\/wp-json\/wp\/v2\/pages\/230\/revisions"}],"predecessor-version":[{"id":231,"href":"https:\/\/ciemonalisaklaxon.com\/index.php\/wp-json\/wp\/v2\/pages\/230\/revisions\/231"}],"wp:attachment":[{"href":"https:\/\/ciemonalisaklaxon.com\/index.php\/wp-json\/wp\/v2\/media?parent=230"}],"curies":[{"name":"wp","href":"https:\/\/api.w.org\/{rel}","templated":true}]}}