{"id":18,"date":"2024-04-29T19:01:43","date_gmt":"2024-04-29T17:01:43","guid":{"rendered":"http:\/\/ciemonalisaklaxon.com\/?page_id=18"},"modified":"2026-04-16T22:24:26","modified_gmt":"2026-04-16T20:24:26","slug":"agenda","status":"publish","type":"page","link":"https:\/\/ciemonalisaklaxon.com\/index.php\/agenda\/","title":{"rendered":"Agenda"},"content":{"rendered":"\n<h1 class=\"wp-block-heading\">CR\u00c9ATION DE TEXTE &#8211; AVANT-PREMI\u00c8RE<br>DU 4 AU 5 MAI 2026 Du lundi au mardi \u00e0 19h30&nbsp;<\/h1>\n\n\n\n<div class=\"wp-block-columns is-layout-flex wp-container-core-columns-is-layout-9d6595d7 wp-block-columns-is-layout-flex\">\n<div class=\"wp-block-column is-layout-flow wp-block-column-is-layout-flow\" style=\"flex-basis:100%\">\n<div class=\"wp-block-columns is-layout-flex wp-container-core-columns-is-layout-9d6595d7 wp-block-columns-is-layout-flex\">\n<div class=\"wp-block-column is-layout-flow wp-block-column-is-layout-flow\" style=\"flex-basis:33.33%\">\n<h2 class=\"wp-block-heading\">Lundi 04 mai 2026<br>Rencontre avec&nbsp;<strong>Marcos Malavia<\/strong> et l&rsquo;\u00e9quipe de cr\u00e9ation \u00e0<strong> l&rsquo;issue de la repr\u00e9sentation<\/strong>&nbsp;<\/h2>\n\n\n\n<p>En coproduction avec Le Colombier, Mona Lisa Klaxon pr\u00e9sente MIROIR D\u2019UN NAUFRAG\u00c9&nbsp;<\/p>\n\n\n\n<p>\u00c9criture et mise en sc\u00e8ne&nbsp;<strong>Marcos Malavia<\/strong><\/p>\n\n\n\n<p>Trois Blaise sont enferm\u00e9s dans un lieu qui pourrait bien symboliser leur propre psych\u00e9. Et si ces trois personnages n\u2019\u00e9taient en r\u00e9alit\u00e9 que les fragments d\u2019un seul esprit ?<br>Au fil de leur dialogue, se r\u00e9v\u00e8lent peu \u00e0 peu trois dimensions fondamentales du monde int\u00e9rieur, trois voix qui cohabitent, s\u2019interrogent, se heurtent. Tous les trois attendent l\u2019arriv\u00e9e d\u2019un visiteur, perturbateur ou messager, il pourrait bien \u00eatre le guide vers la compr\u00e9hension de l\u2019enfermement&#8230; et peut-\u00eatre, vers une lib\u00e9ration.<\/p>\n<\/div>\n\n\n\n<div class=\"wp-block-column is-layout-flow wp-block-column-is-layout-flow\" style=\"flex-basis:66.66%\">\n<figure class=\"wp-block-image size-large is-resized\"><img loading=\"lazy\" decoding=\"async\" width=\"724\" height=\"1024\" src=\"https:\/\/ciemonalisaklaxon.com\/wp-content\/uploads\/2026\/04\/MIROIR-DUN-NAUFRAGE-affiche-DEF3-1_page-0001-2-724x1024.jpg\" alt=\"\" class=\"wp-image-1058\" style=\"aspect-ratio:0.7070320798810282;width:511px;height:auto\" srcset=\"https:\/\/ciemonalisaklaxon.com\/wp-content\/uploads\/2026\/04\/MIROIR-DUN-NAUFRAGE-affiche-DEF3-1_page-0001-2-724x1024.jpg 724w, https:\/\/ciemonalisaklaxon.com\/wp-content\/uploads\/2026\/04\/MIROIR-DUN-NAUFRAGE-affiche-DEF3-1_page-0001-2-212x300.jpg 212w, https:\/\/ciemonalisaklaxon.com\/wp-content\/uploads\/2026\/04\/MIROIR-DUN-NAUFRAGE-affiche-DEF3-1_page-0001-2-768x1086.jpg 768w, https:\/\/ciemonalisaklaxon.com\/wp-content\/uploads\/2026\/04\/MIROIR-DUN-NAUFRAGE-affiche-DEF3-1_page-0001-2-1086x1536.jpg 1086w, https:\/\/ciemonalisaklaxon.com\/wp-content\/uploads\/2026\/04\/MIROIR-DUN-NAUFRAGE-affiche-DEF3-1_page-0001-2-1448x2048.jpg 1448w, https:\/\/ciemonalisaklaxon.com\/wp-content\/uploads\/2026\/04\/MIROIR-DUN-NAUFRAGE-affiche-DEF3-1_page-0001-2.jpg 1754w\" sizes=\"auto, (max-width: 724px) 100vw, 724px\" \/><\/figure>\n<\/div>\n<\/div>\n<\/div>\n<\/div>\n\n\n\n<p><a href=\"https:\/\/le-colombier-langaja.placeminute.com\/event\/contemporain\/miroir-d-un-naufrage,46315.html?_locale=fr\" target=\"_blank\" rel=\"noreferrer noopener\"><\/a>&nbsp;<\/p>\n\n\n\n<figure class=\"wp-block-gallery has-nested-images columns-default is-cropped wp-block-gallery-1 is-layout-flex wp-block-gallery-is-layout-flex\">\n<figure class=\"wp-block-image size-large\"><img loading=\"lazy\" decoding=\"async\" width=\"424\" height=\"600\" data-id=\"1062\" src=\"https:\/\/ciemonalisaklaxon.com\/wp-content\/uploads\/2026\/04\/ic_large_w900h600q100_billybeille-20-03-26-1000.jpg\" alt=\"\" class=\"wp-image-1062\" srcset=\"https:\/\/ciemonalisaklaxon.com\/wp-content\/uploads\/2026\/04\/ic_large_w900h600q100_billybeille-20-03-26-1000.jpg 424w, https:\/\/ciemonalisaklaxon.com\/wp-content\/uploads\/2026\/04\/ic_large_w900h600q100_billybeille-20-03-26-1000-212x300.jpg 212w\" sizes=\"auto, (max-width: 424px) 100vw, 424px\" \/><\/figure>\n<\/figure>\n\n\n\n<hr class=\"wp-block-separator has-alpha-channel-opacity\"\/>\n\n\n\n<div class=\"wp-block-media-text is-stacked-on-mobile\"><figure class=\"wp-block-media-text__media\"><img loading=\"lazy\" decoding=\"async\" width=\"792\" height=\"1107\" src=\"https:\/\/ciemonalisaklaxon.com\/wp-content\/uploads\/2025\/11\/Capture-decran_25-11-2025_124410_.jpeg\" alt=\"\" class=\"wp-image-981 size-full\" srcset=\"https:\/\/ciemonalisaklaxon.com\/wp-content\/uploads\/2025\/11\/Capture-decran_25-11-2025_124410_.jpeg 792w, https:\/\/ciemonalisaklaxon.com\/wp-content\/uploads\/2025\/11\/Capture-decran_25-11-2025_124410_-215x300.jpeg 215w, https:\/\/ciemonalisaklaxon.com\/wp-content\/uploads\/2025\/11\/Capture-decran_25-11-2025_124410_-733x1024.jpeg 733w, https:\/\/ciemonalisaklaxon.com\/wp-content\/uploads\/2025\/11\/Capture-decran_25-11-2025_124410_-768x1073.jpeg 768w\" sizes=\"auto, (max-width: 792px) 100vw, 792px\" \/><\/figure><div class=\"wp-block-media-text__content\">\n<p>Le service Diab\u00e9tologie du Centre Hospitalier de Boulogne-sur-Mer et la Compagnie Mona Lisa Klaxon pr\u00e9sentent le th\u00e9\u00e2tre du v\u00e9cu.<br>\ud83d\udcc6 Le samedi 22 novembre \u00e0 19h au Carr\u00e9 Sam, place d&rsquo;Argentine \u00e0 Boulogne-sur-Mer. Gratuit sur r\u00e9servation. Inscription via le QR code de l&rsquo;affiche ou par mail \u00e0 communication@ch-boulogne.fr<br>Il s&rsquo;agit d&rsquo;une repr\u00e9sentation th\u00e9\u00e2trale autour du v\u00e9cu avec son diab\u00e8te.<br>\ud83d\udc4f Depuis plus de trois, la Compagnie collabore avec les patients de Diab\u00e9tologie pour mettre en place des ateliers du Th\u00e9\u00e2tre du v\u00e9cu, un espace d&rsquo;expression et de cr\u00e9ation permettant aux patients de partager, \u00e0 travers le jeu th\u00e9\u00e2tral, leur exp\u00e9rience et leur ressenti face \u00e0 la maladie. Il \u00e9tait temps de vous montrer le r\u00e9sultat !<br>La soir\u00e9e sera suivie d&rsquo;un \u00e9change des soignants et des artistes avec le public en pr\u00e9sence du professeur Andr\u00e9 Grimaldi.<br><a href=\"https:\/\/www.instagram.com\/explore\/tags\/centrehospitalierdeboulognesurmer\/\">#Centrehospitalierdeboulognesurmer<\/a> <a href=\"https:\/\/www.instagram.com\/explore\/tags\/chb\/\">#CHB<\/a> <a href=\"https:\/\/www.instagram.com\/explore\/tags\/hopitalduchenne\/\">#hopitalduchenne<\/a> <a href=\"https:\/\/www.instagram.com\/explore\/tags\/boulognesurmer\/\">#boulognesurmer<\/a> <a href=\"https:\/\/www.instagram.com\/explore\/tags\/hautsdefrance\/\">#hautsdefrance<\/a> <a href=\"https:\/\/www.instagram.com\/explore\/tags\/c%C3%B4tedopale\/\">#c\u00f4tedopale<\/a> <a href=\"https:\/\/www.instagram.com\/explore\/tags\/littoral\/\">#littoral<\/a> <a href=\"https:\/\/www.instagram.com\/explore\/tags\/sant%C3%A9\/\">#sant\u00e9<\/a> <a href=\"https:\/\/www.instagram.com\/explore\/tags\/diab%C3%A8te\/\">#diab\u00e8te<\/a> <a href=\"https:\/\/www.instagram.com\/explore\/tags\/exp%C3%A9rience\/\">#exp\u00e9rience<\/a> <a href=\"https:\/\/www.instagram.com\/explore\/tags\/v%C3%A9cu\/\">#v\u00e9cu<\/a><\/p>\n<\/div><\/div>\n\n\n\n<hr class=\"wp-block-separator has-alpha-channel-opacity\"\/>\n\n\n\n<div class=\"wp-block-columns is-layout-flex wp-container-core-columns-is-layout-9d6595d7 wp-block-columns-is-layout-flex\">\n<div class=\"wp-block-column is-layout-flow wp-block-column-is-layout-flow\">\n<p><img decoding=\"async\" class=\"wp-image-978\" style=\"width: NaNpx;\" src=\"http:\/\/ciemonalisaklaxon.com\/wp-content\/uploads\/2025\/11\/Instagram.html\" alt=\"\">En partenariat avec l\u2019Association Kujichagulia, une cabine Vid\u00e9omaton afin de mener un projet de recherche-cr\u00e9ation \u00e0 Dunkerque, visant \u00e0 aller \u00e0 la rencontre des habitant.es et documenter leurs traditions festives et carnavalesques sous deux angles principaux : d\u2019une part, les traditions culinaires li\u00e9es aux festivit\u00e9s et au car\u00eame, et d\u2019autre part, la fa\u00e7on dont l\u2019identit\u00e9 culturelle s\u2019exprime \u00e0 travers le carnaval de Dunkerque.<br>Le Vid\u00e9omaton sera install\u00e9 \u00e0 la Maison de Quartier Basse Ville du 12 au 15 f\u00e9vrier, puis au Bercail Th\u00e9\u00e2tre-Salle de spectacles du 24 f\u00e9vrier au 1er mars 2025.<\/p>\n<\/div>\n\n\n\n<div class=\"wp-block-column is-layout-flow wp-block-column-is-layout-flow\">\n<figure class=\"wp-block-image size-large is-resized\"><img loading=\"lazy\" decoding=\"async\" width=\"791\" height=\"1024\" src=\"http:\/\/ciemonalisaklaxon.com\/wp-content\/uploads\/2025\/02\/IMG-20250222-WA0065-1-791x1024.jpg\" alt=\"\" class=\"wp-image-875\" style=\"width:211px;height:auto\" srcset=\"https:\/\/ciemonalisaklaxon.com\/wp-content\/uploads\/2025\/02\/IMG-20250222-WA0065-1-791x1024.jpg 791w, https:\/\/ciemonalisaklaxon.com\/wp-content\/uploads\/2025\/02\/IMG-20250222-WA0065-1-232x300.jpg 232w, https:\/\/ciemonalisaklaxon.com\/wp-content\/uploads\/2025\/02\/IMG-20250222-WA0065-1-768x994.jpg 768w, https:\/\/ciemonalisaklaxon.com\/wp-content\/uploads\/2025\/02\/IMG-20250222-WA0065-1-1187x1536.jpg 1187w, https:\/\/ciemonalisaklaxon.com\/wp-content\/uploads\/2025\/02\/IMG-20250222-WA0065-1.jpg 1236w\" sizes=\"auto, (max-width: 791px) 100vw, 791px\" \/><\/figure>\n<\/div>\n<\/div>\n\n\n\n<hr class=\"wp-block-separator has-alpha-channel-opacity\"\/>\n\n\n\n<div class=\"wp-block-columns is-layout-flex wp-container-core-columns-is-layout-9d6595d7 wp-block-columns-is-layout-flex\">\n<div class=\"wp-block-column is-layout-flow wp-block-column-is-layout-flow\" style=\"flex-basis:100%\">\n<figure class=\"wp-block-image size-large is-resized\"><a href=\"https:\/\/www.epeedebois.com\/un-spectacle\/rhapsodie-chauve\/\"><img loading=\"lazy\" decoding=\"async\" width=\"728\" height=\"1024\" src=\"https:\/\/ciemonalisaklaxon.com\/wp-content\/uploads\/2025\/02\/Affiche-Epee-de-bois_Mars-2025-1-728x1024.jpg\" alt=\"\" class=\"wp-image-838\" style=\"aspect-ratio:0.7109455999661455;width:459px;height:auto\" srcset=\"https:\/\/ciemonalisaklaxon.com\/wp-content\/uploads\/2025\/02\/Affiche-Epee-de-bois_Mars-2025-1-728x1024.jpg 728w, https:\/\/ciemonalisaklaxon.com\/wp-content\/uploads\/2025\/02\/Affiche-Epee-de-bois_Mars-2025-1-213x300.jpg 213w, https:\/\/ciemonalisaklaxon.com\/wp-content\/uploads\/2025\/02\/Affiche-Epee-de-bois_Mars-2025-1-768x1080.jpg 768w, https:\/\/ciemonalisaklaxon.com\/wp-content\/uploads\/2025\/02\/Affiche-Epee-de-bois_Mars-2025-1-1092x1536.jpg 1092w, https:\/\/ciemonalisaklaxon.com\/wp-content\/uploads\/2025\/02\/Affiche-Epee-de-bois_Mars-2025-1.jpg 1138w\" sizes=\"auto, (max-width: 728px) 100vw, 728px\" \/><\/a><\/figure>\n<\/div>\n<\/div>\n\n\n\n<hr class=\"wp-block-separator has-alpha-channel-opacity\"\/>\n\n\n\n<div class=\"wp-block-group\"><div class=\"wp-block-group__inner-container is-layout-constrained wp-block-group-is-layout-constrained\"><div class=\"wp-block-image\">\n<figure class=\"alignleft size-large is-resized\"><img loading=\"lazy\" decoding=\"async\" width=\"729\" height=\"1024\" src=\"http:\/\/ciemonalisaklaxon.com\/wp-content\/uploads\/2024\/06\/OFF-24-les-bonnes-affiche-729x1024.jpg\" alt=\"\" class=\"wp-image-478\" style=\"width:518px;height:auto\" srcset=\"https:\/\/ciemonalisaklaxon.com\/wp-content\/uploads\/2024\/06\/OFF-24-les-bonnes-affiche-729x1024.jpg 729w, https:\/\/ciemonalisaklaxon.com\/wp-content\/uploads\/2024\/06\/OFF-24-les-bonnes-affiche-214x300.jpg 214w, https:\/\/ciemonalisaklaxon.com\/wp-content\/uploads\/2024\/06\/OFF-24-les-bonnes-affiche-768x1079.jpg 768w, https:\/\/ciemonalisaklaxon.com\/wp-content\/uploads\/2024\/06\/OFF-24-les-bonnes-affiche-scaled.jpg 1823w\" sizes=\"auto, (max-width: 729px) 100vw, 729px\" \/><\/figure>\n<\/div>\n\n\n<div class=\"wp-block-group\"><div class=\"wp-block-group__inner-container is-layout-constrained wp-block-group-is-layout-constrained\">\n<div class=\"wp-block-columns is-layout-flex wp-container-core-columns-is-layout-9d6595d7 wp-block-columns-is-layout-flex\">\n<div class=\"wp-block-column is-layout-flow wp-block-column-is-layout-flow\" style=\"flex-basis:100%\">\n<figure class=\"wp-block-gallery has-nested-images columns-default is-cropped wp-block-gallery-2 is-layout-flex wp-block-gallery-is-layout-flex\">\n<figure class=\"wp-block-image size-large\"><img loading=\"lazy\" decoding=\"async\" width=\"1024\" height=\"512\" data-id=\"858\" src=\"https:\/\/ciemonalisaklaxon.com\/wp-content\/uploads\/2025\/02\/Pub-Avignon-24-2-1024x512.jpg\" alt=\"\" class=\"wp-image-858\" srcset=\"https:\/\/ciemonalisaklaxon.com\/wp-content\/uploads\/2025\/02\/Pub-Avignon-24-2-1024x512.jpg 1024w, https:\/\/ciemonalisaklaxon.com\/wp-content\/uploads\/2025\/02\/Pub-Avignon-24-2-300x150.jpg 300w, https:\/\/ciemonalisaklaxon.com\/wp-content\/uploads\/2025\/02\/Pub-Avignon-24-2-768x384.jpg 768w, https:\/\/ciemonalisaklaxon.com\/wp-content\/uploads\/2025\/02\/Pub-Avignon-24-2-1536x768.jpg 1536w, https:\/\/ciemonalisaklaxon.com\/wp-content\/uploads\/2025\/02\/Pub-Avignon-24-2-2048x1024.jpg 2048w, https:\/\/ciemonalisaklaxon.com\/wp-content\/uploads\/2025\/02\/Pub-Avignon-24-2-583x292.jpg 583w\" sizes=\"auto, (max-width: 1024px) 100vw, 1024px\" \/><\/figure>\n<\/figure>\n<\/div>\n<\/div>\n<\/div><\/div>\n<\/div><\/div>\n\n\n\n<p><\/p>\n","protected":false},"excerpt":{"rendered":"<p>CR\u00c9ATION DE TEXTE &#8211; AVANT-PREMI\u00c8REDU 4 AU 5 MAI 2026 Du lundi au mardi \u00e0 19h30&nbsp; Lundi 04 mai 2026Rencontre avec&nbsp;Marcos Malavia et l&rsquo;\u00e9quipe de &hellip;<\/p>\n","protected":false},"author":1,"featured_media":0,"parent":0,"menu_order":0,"comment_status":"closed","ping_status":"closed","template":"","meta":{"footnotes":""},"class_list":["post-18","page","type-page","status-publish","hentry"],"_links":{"self":[{"href":"https:\/\/ciemonalisaklaxon.com\/index.php\/wp-json\/wp\/v2\/pages\/18","targetHints":{"allow":["GET"]}}],"collection":[{"href":"https:\/\/ciemonalisaklaxon.com\/index.php\/wp-json\/wp\/v2\/pages"}],"about":[{"href":"https:\/\/ciemonalisaklaxon.com\/index.php\/wp-json\/wp\/v2\/types\/page"}],"author":[{"embeddable":true,"href":"https:\/\/ciemonalisaklaxon.com\/index.php\/wp-json\/wp\/v2\/users\/1"}],"replies":[{"embeddable":true,"href":"https:\/\/ciemonalisaklaxon.com\/index.php\/wp-json\/wp\/v2\/comments?post=18"}],"version-history":[{"count":20,"href":"https:\/\/ciemonalisaklaxon.com\/index.php\/wp-json\/wp\/v2\/pages\/18\/revisions"}],"predecessor-version":[{"id":1063,"href":"https:\/\/ciemonalisaklaxon.com\/index.php\/wp-json\/wp\/v2\/pages\/18\/revisions\/1063"}],"wp:attachment":[{"href":"https:\/\/ciemonalisaklaxon.com\/index.php\/wp-json\/wp\/v2\/media?parent=18"}],"curies":[{"name":"wp","href":"https:\/\/api.w.org\/{rel}","templated":true}]}}