{"id":150,"date":"2024-05-01T21:38:11","date_gmt":"2024-05-01T19:38:11","guid":{"rendered":"https:\/\/ciemonalisaklaxon.com\/?page_id=150"},"modified":"2024-05-10T17:29:31","modified_gmt":"2024-05-10T15:29:31","slug":"amelie-dumetz","status":"publish","type":"page","link":"https:\/\/ciemonalisaklaxon.com\/index.php\/amelie-dumetz\/","title":{"rendered":"Am\u00e9lie Dumetz"},"content":{"rendered":"<div class=\"wp-block-image\">\n<figure class=\"alignleft size-full is-resized\"><img loading=\"lazy\" decoding=\"async\" width=\"960\" height=\"640\" src=\"http:\/\/ciemonalisaklaxon.com\/wp-content\/uploads\/2024\/05\/Site-MLK_MEL.jpg\" alt=\"Am\u00e9lie Dumetz\" class=\"wp-image-99\" style=\"aspect-ratio:1;object-fit:cover;width:297px;height:auto\" srcset=\"https:\/\/ciemonalisaklaxon.com\/wp-content\/uploads\/2024\/05\/Site-MLK_MEL.jpg 960w, https:\/\/ciemonalisaklaxon.com\/wp-content\/uploads\/2024\/05\/Site-MLK_MEL-300x200.jpg 300w, https:\/\/ciemonalisaklaxon.com\/wp-content\/uploads\/2024\/05\/Site-MLK_MEL-768x512.jpg 768w, https:\/\/ciemonalisaklaxon.com\/wp-content\/uploads\/2024\/05\/Site-MLK_MEL-450x300.jpg 450w\" sizes=\"auto, (max-width: 960px) 100vw, 960px\" \/><\/figure>\n<\/div>\n\n\n<div class=\"wp-block-group\"><div class=\"wp-block-group__inner-container is-layout-constrained wp-block-group-is-layout-constrained\">\n<pre class=\"wp-block-preformatted\">Issue de la promotion 2005 de l\u2019Ecole Charles Dullin. Com\u00e9dienne de th\u00e9\u00e2tre, de th\u00e9\u00e2tre musical, d\u2019op\u00e9rette et clown. Son esth\u00e9tique de pr\u00e9dilection se d\u00e9finit par les \u00e9critures contemporaines, et le th\u00e9\u00e2tre musical. <br>Elle a d\u00e9but\u00e9 le th\u00e9\u00e2tre dans le Nord (d\u2019o\u00f9 elle est originaire), en tant que com\u00e9dienne dans le cadre du Festival des Malins Plaisirs, dirig\u00e9 par Vincent Tavernier. A Paris, elle suit une formation de com\u00e9dienne \u00e0 l\u2019\u00e9cole Charles Dullin et un Master Arts du spectacle \u00e0 Paris III. <br>Elle co-met en sc\u00e8ne avec St\u00e9phane Herv\u00e9<em> Les sept jours de Simon Labrosse<\/em> de Carole Fr\u00e9chette. Cr\u00e9ation au festival d\u2019Avignon au th\u00e9\u00e2tre Pr\u00e9sence Pasteur puis tourn\u00e9e \u00e0 Pau, Perpignan, Orl\u00e9ans et reprise au th\u00e9\u00e2tre de la manufacture des Abbesses. Leur collaboration continue avec <em>L\u2019h\u00e9ro\u00efsme au temps de la grippe aviaire<\/em> de Thomas Gunzig au festival d\u2019Avignon puis \u00e0 St Jean de Braye et en tourn\u00e9e r\u00e9gion Alpes C\u00f4te d\u2019Azur, Haute Normandie et Alsace Lorraine pendant trois ans. Ensuite elle rencontre la compagnie El Duende et joue dans <em>\u00d4 Moon<\/em>, cr\u00e9ation collective et <em>Les tortues viennent toutes seules<\/em> de Denise Bonal. Elle se forme en parall\u00e8le au chant lyrique aupr\u00e8s de Caroline Hurtut et Robert Expert, ce qui lui permet de jouer dans <em>La vie Parisienne<\/em> et <em>Le voyage sur la lune <\/em>d\u2019Offenbach, sous la direction musicale de Laurent Gossart. <br><br>Depuis 2017, elle collabore avec Marcos Malavia et interpr\u00e8te une des clowns tragiques du <em>Requiem des innocents<\/em> au th\u00e9\u00e2tre de l\u2019Ep\u00e9e de Bois-Cartoucherie de Vincennes en 2018.<br><\/pre>\n\n\n\n<p><\/p>\n<\/div><\/div>\n","protected":false},"excerpt":{"rendered":"<p>Issue de la promotion 2005 de l\u2019Ecole Charles Dullin. Com\u00e9dienne de th\u00e9\u00e2tre, de th\u00e9\u00e2tre musical, d\u2019op\u00e9rette et clown. Son esth\u00e9tique de pr\u00e9dilection se d\u00e9finit par &hellip;<\/p>\n","protected":false},"author":1,"featured_media":0,"parent":0,"menu_order":0,"comment_status":"closed","ping_status":"closed","template":"","meta":{"footnotes":""},"class_list":["post-150","page","type-page","status-publish","hentry"],"_links":{"self":[{"href":"https:\/\/ciemonalisaklaxon.com\/index.php\/wp-json\/wp\/v2\/pages\/150","targetHints":{"allow":["GET"]}}],"collection":[{"href":"https:\/\/ciemonalisaklaxon.com\/index.php\/wp-json\/wp\/v2\/pages"}],"about":[{"href":"https:\/\/ciemonalisaklaxon.com\/index.php\/wp-json\/wp\/v2\/types\/page"}],"author":[{"embeddable":true,"href":"https:\/\/ciemonalisaklaxon.com\/index.php\/wp-json\/wp\/v2\/users\/1"}],"replies":[{"embeddable":true,"href":"https:\/\/ciemonalisaklaxon.com\/index.php\/wp-json\/wp\/v2\/comments?post=150"}],"version-history":[{"count":6,"href":"https:\/\/ciemonalisaklaxon.com\/index.php\/wp-json\/wp\/v2\/pages\/150\/revisions"}],"predecessor-version":[{"id":288,"href":"https:\/\/ciemonalisaklaxon.com\/index.php\/wp-json\/wp\/v2\/pages\/150\/revisions\/288"}],"wp:attachment":[{"href":"https:\/\/ciemonalisaklaxon.com\/index.php\/wp-json\/wp\/v2\/media?parent=150"}],"curies":[{"name":"wp","href":"https:\/\/api.w.org\/{rel}","templated":true}]}}