{"id":134,"date":"2024-05-01T21:17:52","date_gmt":"2024-05-01T19:17:52","guid":{"rendered":"https:\/\/ciemonalisaklaxon.com\/?page_id=134"},"modified":"2024-05-21T15:56:45","modified_gmt":"2024-05-21T13:56:45","slug":"atelier-clowns","status":"publish","type":"page","link":"https:\/\/ciemonalisaklaxon.com\/index.php\/presse\/atelier-clowns\/","title":{"rendered":"Atelier Clowns"},"content":{"rendered":"<div class=\"wp-block-image\">\n<figure class=\"alignleft size-large is-resized\"><img loading=\"lazy\" decoding=\"async\" width=\"1024\" height=\"565\" src=\"http:\/\/ciemonalisaklaxon.com\/wp-content\/uploads\/2024\/05\/Atelier-Clowns-1024x565.jpg\" alt=\"\" class=\"wp-image-211\" style=\"width:538px;height:auto\" srcset=\"https:\/\/ciemonalisaklaxon.com\/wp-content\/uploads\/2024\/05\/Atelier-Clowns-1024x565.jpg 1024w, https:\/\/ciemonalisaklaxon.com\/wp-content\/uploads\/2024\/05\/Atelier-Clowns-300x166.jpg 300w, https:\/\/ciemonalisaklaxon.com\/wp-content\/uploads\/2024\/05\/Atelier-Clowns-768x424.jpg 768w, https:\/\/ciemonalisaklaxon.com\/wp-content\/uploads\/2024\/05\/Atelier-Clowns-1536x848.jpg 1536w, https:\/\/ciemonalisaklaxon.com\/wp-content\/uploads\/2024\/05\/Atelier-Clowns-544x300.jpg 544w, https:\/\/ciemonalisaklaxon.com\/wp-content\/uploads\/2024\/05\/Atelier-Clowns.jpg 1600w\" sizes=\"auto, (max-width: 1024px) 100vw, 1024px\" \/><\/figure>\n<\/div>\n\n\n<p><strong>LE CLOWN: un \u00e9tat d\u2019\u00eatre plut\u00f4t que de faire<\/strong><\/p>\n\n\n\n<p>L\u2019acteur peut \u00ab incarner \u00bb divers personnages mais lorsqu\u2019il aborde le clown nous sommes dans un processus plus singulier. Le clown ne peut \u00eatre incarn\u00e9 que par celui qui le porte, il s\u2019agit d\u2019une cr\u00e9ature que l\u2019acteur doit accueillir, il est unique \u00e0 la diff\u00e9rence d\u2019un personnage, (on peut copier\/imiter De Funes mais on ne peut pas interpr\u00e9ter De Funes).<\/p>\n\n\n\n<p>Sans pass\u00e9 ni avenir, le clown est dans un pur pr\u00e9sent et n\u2019existe pas en dehors de l\u2019acteur qui le joue. Moins l\u2019acteur va essayer de \u00able\u00bb jouer plus son clown aura des chances de se pr\u00e9senter.<\/p>\n\n\n\n<p>Dans cette d\u00e9couverte nous parton du principe que le clown ne cherche pas \u00e0 faire rire mais plut\u00f4t qu\u2019il vit avant tout une \u00ab trag\u00e9die \u00bb. Il est confront\u00e9\u0301 \u00e0 des vraies contraintes qu\u2019il doit affronter et d\u00e9passer avec toute sa volont\u00e9\u0301. Ainsi le travail que nous proposons se trouvent dans cette fronti\u00e8re \u00e9trange, po\u00e9tique et fascinante \u00e0 laquelle nous permet d\u2019acc\u00e9der le clown, l\u00e0 o\u00f9 le rire du public vient saluer non pas la performance sc\u00e9nique mais plut\u00f4t l\u2019\u00e9clat de vie dont il est capable.<\/p>\n","protected":false},"excerpt":{"rendered":"<p>LE CLOWN: un \u00e9tat d\u2019\u00eatre plut\u00f4t que de faire L\u2019acteur peut \u00ab incarner \u00bb divers personnages mais lorsqu\u2019il aborde le clown nous sommes dans un &hellip;<\/p>\n","protected":false},"author":1,"featured_media":94,"parent":19,"menu_order":3,"comment_status":"closed","ping_status":"closed","template":"","meta":{"footnotes":""},"class_list":["post-134","page","type-page","status-publish","has-post-thumbnail","hentry"],"_links":{"self":[{"href":"https:\/\/ciemonalisaklaxon.com\/index.php\/wp-json\/wp\/v2\/pages\/134","targetHints":{"allow":["GET"]}}],"collection":[{"href":"https:\/\/ciemonalisaklaxon.com\/index.php\/wp-json\/wp\/v2\/pages"}],"about":[{"href":"https:\/\/ciemonalisaklaxon.com\/index.php\/wp-json\/wp\/v2\/types\/page"}],"author":[{"embeddable":true,"href":"https:\/\/ciemonalisaklaxon.com\/index.php\/wp-json\/wp\/v2\/users\/1"}],"replies":[{"embeddable":true,"href":"https:\/\/ciemonalisaklaxon.com\/index.php\/wp-json\/wp\/v2\/comments?post=134"}],"version-history":[{"count":2,"href":"https:\/\/ciemonalisaklaxon.com\/index.php\/wp-json\/wp\/v2\/pages\/134\/revisions"}],"predecessor-version":[{"id":213,"href":"https:\/\/ciemonalisaklaxon.com\/index.php\/wp-json\/wp\/v2\/pages\/134\/revisions\/213"}],"up":[{"embeddable":true,"href":"https:\/\/ciemonalisaklaxon.com\/index.php\/wp-json\/wp\/v2\/pages\/19"}],"wp:featuredmedia":[{"embeddable":true,"href":"https:\/\/ciemonalisaklaxon.com\/index.php\/wp-json\/wp\/v2\/media\/94"}],"wp:attachment":[{"href":"https:\/\/ciemonalisaklaxon.com\/index.php\/wp-json\/wp\/v2\/media?parent=134"}],"curies":[{"name":"wp","href":"https:\/\/api.w.org\/{rel}","templated":true}]}}