{"id":129,"date":"2024-05-01T21:12:06","date_gmt":"2024-05-01T19:12:06","guid":{"rendered":"https:\/\/ciemonalisaklaxon.com\/?page_id=129"},"modified":"2025-02-24T16:50:36","modified_gmt":"2025-02-24T15:50:36","slug":"videomaton","status":"publish","type":"page","link":"https:\/\/ciemonalisaklaxon.com\/index.php\/presse\/videomaton\/","title":{"rendered":"Vid\u00e9omaton"},"content":{"rendered":"<div class=\"wp-block-image\">\n<figure class=\"alignleft size-full is-resized\"><img loading=\"lazy\" decoding=\"async\" width=\"702\" height=\"843\" src=\"http:\/\/ciemonalisaklaxon.com\/wp-content\/uploads\/2024\/05\/Video-maton-1.jpg\" alt=\"\" class=\"wp-image-127\" style=\"width:564px;height:auto\" srcset=\"https:\/\/ciemonalisaklaxon.com\/wp-content\/uploads\/2024\/05\/Video-maton-1.jpg 702w, https:\/\/ciemonalisaklaxon.com\/wp-content\/uploads\/2024\/05\/Video-maton-1-250x300.jpg 250w\" sizes=\"auto, (max-width: 702px) 100vw, 702px\" \/><\/figure>\n<\/div>\n\n<p>Le Vid\u00e9omaton permet de recueillir des\u00a0<strong><em>t\u00e9moignages vid\u00e9o. <\/em><\/strong>Il est \u00e9quip\u00e9 \u00e0 l\u2019int\u00e9rieur d\u2019une cam\u00e9ra vid\u00e9o qui enregistre les t\u00e9moignages et r\u00e9cits des participants. Il s\u2019agit d\u2019un objet attractif et ludique qui suscite l\u2019int\u00e9r\u00eat et facilite la prise de parole. Il ne s\u2019agit pas d\u2019\u00e9laborer une animation mais bien d\u2019aller \u00e0 la rencontre de gens sous une forme artistique tenant compte des contraintes sanitaires actuelles.<\/p>\n<p>Le th\u00e9\u00e2tre dans ce cas devient aussi une sorte d\u2019\u00e9coute social, \u00e0 la mani\u00e8re d\u2019une enqu\u00eate sociologique, mais qui par son aspect ludique, permet de d\u00e9passer les enjeux de la difficult\u00e9 de parler de soi de son v\u00e9cu aux autres.<\/p>\n<p>Il s\u2019agit de mettre en place une action qui permet d\u2019une fa\u00e7on dynamique et interactive de recueillir et donner la parole aux gens, faisant ainsi les acteurs de la production artistique les spectateurs eux m\u00eame. Les mat\u00e9riaux collect\u00e9s\u00a0: images, sons, paroles.<\/p>\n<p>Avoir une parole qui sorte de l\u2019addition des reportages et documentaires pour plut\u00f4t empiler l\u2019imaginaire des diff\u00e9rents groupes avec celui des professionnels.\u00a0<\/p>\n<\/p>\n<p><em>Le Vid\u00e9omaton est r\u00e9alis\u00e9 en collaboration avec le Th\u00e9\u00e2tre El Duende\/Association 1<sup>er<\/sup> Acte<\/em><\/p>\n\n\n<hr class=\"wp-block-separator has-alpha-channel-opacity\"\/>\n\n\n\n<p class=\"has-normal-font-size\">En partenariat avec l\u2019Association Kujichagulia, une cabine Vid\u00e9omaton afin de mener un projet de recherche-cr\u00e9ation \u00e0 Dunkerque, visant \u00e0 aller \u00e0 la rencontre des habitant.es et documenter leurs traditions festives et carnavalesques sous deux angles principaux : d&rsquo;une part, les traditions culinaires li\u00e9es aux festivit\u00e9s et au car\u00eame, et d&rsquo;autre part, la fa\u00e7on dont l&rsquo;identit\u00e9 culturelle s&rsquo;exprime \u00e0 travers le carnaval de Dunkerque.<br>Cette recherche, sera men\u00e9e \u00e0 la fois via le vid\u00e9omaton et des entretiens en ext\u00e9rieur. Le Vid\u00e9omaton sera install\u00e9 \u00e0 la Maison de Quartier Basse Ville du 12 au 15 f\u00e9vrier, puis au Bercail Th\u00e9\u00e2tre-Salle de spectacles du 24 f\u00e9vrier au 1er mars 2025.<\/p>\n\n\n\n<figure class=\"wp-block-gallery has-nested-images columns-default is-cropped wp-block-gallery-1 is-layout-flex wp-block-gallery-is-layout-flex\"><\/figure>\n\n\n\n<div class=\"wp-block-group\"><div class=\"wp-block-group__inner-container is-layout-constrained wp-block-group-is-layout-constrained\">\n<div class=\"wp-block-columns is-layout-flex wp-container-core-columns-is-layout-9d6595d7 wp-block-columns-is-layout-flex\">\n<div class=\"wp-block-column is-layout-flow wp-block-column-is-layout-flow\">\n<figure class=\"wp-block-gallery has-nested-images columns-default is-cropped wp-block-gallery-2 is-layout-flex wp-block-gallery-is-layout-flex\">\n<figure class=\"wp-block-image size-large\"><img loading=\"lazy\" decoding=\"async\" width=\"768\" height=\"1024\" data-id=\"869\" src=\"https:\/\/ciemonalisaklaxon.com\/wp-content\/uploads\/2025\/02\/MLK_DUNKERQUE-7-1-768x1024.jpg\" alt=\"\" class=\"wp-image-869\" srcset=\"https:\/\/ciemonalisaklaxon.com\/wp-content\/uploads\/2025\/02\/MLK_DUNKERQUE-7-1-768x1024.jpg 768w, https:\/\/ciemonalisaklaxon.com\/wp-content\/uploads\/2025\/02\/MLK_DUNKERQUE-7-1-225x300.jpg 225w, https:\/\/ciemonalisaklaxon.com\/wp-content\/uploads\/2025\/02\/MLK_DUNKERQUE-7-1-1152x1536.jpg 1152w, https:\/\/ciemonalisaklaxon.com\/wp-content\/uploads\/2025\/02\/MLK_DUNKERQUE-7-1.jpg 1536w\" sizes=\"auto, (max-width: 768px) 100vw, 768px\" \/><\/figure>\n\n\n\n<figure class=\"wp-block-image size-large\"><img loading=\"lazy\" decoding=\"async\" width=\"1024\" height=\"768\" data-id=\"867\" src=\"https:\/\/ciemonalisaklaxon.com\/wp-content\/uploads\/2025\/02\/MLK_DUNKERQUE-2-1024x768.jpg\" alt=\"\" class=\"wp-image-867\" srcset=\"https:\/\/ciemonalisaklaxon.com\/wp-content\/uploads\/2025\/02\/MLK_DUNKERQUE-2-1024x768.jpg 1024w, https:\/\/ciemonalisaklaxon.com\/wp-content\/uploads\/2025\/02\/MLK_DUNKERQUE-2-300x225.jpg 300w, https:\/\/ciemonalisaklaxon.com\/wp-content\/uploads\/2025\/02\/MLK_DUNKERQUE-2-768x576.jpg 768w, https:\/\/ciemonalisaklaxon.com\/wp-content\/uploads\/2025\/02\/MLK_DUNKERQUE-2-1536x1152.jpg 1536w, https:\/\/ciemonalisaklaxon.com\/wp-content\/uploads\/2025\/02\/MLK_DUNKERQUE-2-400x300.jpg 400w, https:\/\/ciemonalisaklaxon.com\/wp-content\/uploads\/2025\/02\/MLK_DUNKERQUE-2.jpg 2048w\" sizes=\"auto, (max-width: 1024px) 100vw, 1024px\" \/><\/figure>\n<\/figure>\n<\/div>\n\n\n\n<div class=\"wp-block-column is-layout-flow wp-block-column-is-layout-flow\">\n<figure class=\"wp-block-image size-large is-resized\"><img loading=\"lazy\" decoding=\"async\" width=\"791\" height=\"1024\" src=\"https:\/\/ciemonalisaklaxon.com\/wp-content\/uploads\/2025\/02\/IMG-20250222-WA0065-1-791x1024.jpg\" alt=\"\" class=\"wp-image-875\" style=\"width:301px;height:auto\" srcset=\"https:\/\/ciemonalisaklaxon.com\/wp-content\/uploads\/2025\/02\/IMG-20250222-WA0065-1-791x1024.jpg 791w, https:\/\/ciemonalisaklaxon.com\/wp-content\/uploads\/2025\/02\/IMG-20250222-WA0065-1-232x300.jpg 232w, https:\/\/ciemonalisaklaxon.com\/wp-content\/uploads\/2025\/02\/IMG-20250222-WA0065-1-768x994.jpg 768w, https:\/\/ciemonalisaklaxon.com\/wp-content\/uploads\/2025\/02\/IMG-20250222-WA0065-1-1187x1536.jpg 1187w, https:\/\/ciemonalisaklaxon.com\/wp-content\/uploads\/2025\/02\/IMG-20250222-WA0065-1.jpg 1236w\" sizes=\"auto, (max-width: 791px) 100vw, 791px\" \/><\/figure>\n<\/div>\n<\/div>\n<\/div><\/div>\n\n\n\n<p><\/p>\n","protected":false},"excerpt":{"rendered":"<p>Le Vid\u00e9omaton permet de recueillir des\u00a0t\u00e9moignages vid\u00e9o. Il est \u00e9quip\u00e9 \u00e0 l\u2019int\u00e9rieur d\u2019une cam\u00e9ra vid\u00e9o qui enregistre les t\u00e9moignages et r\u00e9cits des participants. Il s\u2019agit &hellip;<\/p>\n","protected":false},"author":1,"featured_media":0,"parent":19,"menu_order":2,"comment_status":"closed","ping_status":"closed","template":"","meta":{"footnotes":""},"class_list":["post-129","page","type-page","status-publish","hentry"],"_links":{"self":[{"href":"https:\/\/ciemonalisaklaxon.com\/index.php\/wp-json\/wp\/v2\/pages\/129","targetHints":{"allow":["GET"]}}],"collection":[{"href":"https:\/\/ciemonalisaklaxon.com\/index.php\/wp-json\/wp\/v2\/pages"}],"about":[{"href":"https:\/\/ciemonalisaklaxon.com\/index.php\/wp-json\/wp\/v2\/types\/page"}],"author":[{"embeddable":true,"href":"https:\/\/ciemonalisaklaxon.com\/index.php\/wp-json\/wp\/v2\/users\/1"}],"replies":[{"embeddable":true,"href":"https:\/\/ciemonalisaklaxon.com\/index.php\/wp-json\/wp\/v2\/comments?post=129"}],"version-history":[{"count":11,"href":"https:\/\/ciemonalisaklaxon.com\/index.php\/wp-json\/wp\/v2\/pages\/129\/revisions"}],"predecessor-version":[{"id":876,"href":"https:\/\/ciemonalisaklaxon.com\/index.php\/wp-json\/wp\/v2\/pages\/129\/revisions\/876"}],"up":[{"embeddable":true,"href":"https:\/\/ciemonalisaklaxon.com\/index.php\/wp-json\/wp\/v2\/pages\/19"}],"wp:attachment":[{"href":"https:\/\/ciemonalisaklaxon.com\/index.php\/wp-json\/wp\/v2\/media?parent=129"}],"curies":[{"name":"wp","href":"https:\/\/api.w.org\/{rel}","templated":true}]}}