{"id":1022,"date":"2026-04-16T21:59:17","date_gmt":"2026-04-16T19:59:17","guid":{"rendered":"https:\/\/ciemonalisaklaxon.com\/?page_id=1022"},"modified":"2026-04-16T22:13:58","modified_gmt":"2026-04-16T20:13:58","slug":"miroir-dun-naufrage","status":"publish","type":"page","link":"https:\/\/ciemonalisaklaxon.com\/index.php\/creations\/miroir-dun-naufrage\/","title":{"rendered":"Miroir d&rsquo;un Naufrag\u00e9"},"content":{"rendered":"\n<div class=\"wp-block-columns is-layout-flex wp-container-core-columns-is-layout-9d6595d7 wp-block-columns-is-layout-flex\">\n<div class=\"wp-block-column is-layout-flow wp-block-column-is-layout-flow\">\n<figure class=\"wp-block-image size-large\"><img loading=\"lazy\" decoding=\"async\" width=\"1024\" height=\"783\" src=\"https:\/\/ciemonalisaklaxon.com\/wp-content\/uploads\/2026\/04\/MIROIR-DUN-NAUFRAGE-affiche-DEF3-1_cropped_page-0001-1024x783.jpg\" alt=\"\" class=\"wp-image-1024\" srcset=\"https:\/\/ciemonalisaklaxon.com\/wp-content\/uploads\/2026\/04\/MIROIR-DUN-NAUFRAGE-affiche-DEF3-1_cropped_page-0001-1024x783.jpg 1024w, https:\/\/ciemonalisaklaxon.com\/wp-content\/uploads\/2026\/04\/MIROIR-DUN-NAUFRAGE-affiche-DEF3-1_cropped_page-0001-300x229.jpg 300w, https:\/\/ciemonalisaklaxon.com\/wp-content\/uploads\/2026\/04\/MIROIR-DUN-NAUFRAGE-affiche-DEF3-1_cropped_page-0001-768x587.jpg 768w, https:\/\/ciemonalisaklaxon.com\/wp-content\/uploads\/2026\/04\/MIROIR-DUN-NAUFRAGE-affiche-DEF3-1_cropped_page-0001-1536x1174.jpg 1536w, https:\/\/ciemonalisaklaxon.com\/wp-content\/uploads\/2026\/04\/MIROIR-DUN-NAUFRAGE-affiche-DEF3-1_cropped_page-0001-393x300.jpg 393w, https:\/\/ciemonalisaklaxon.com\/wp-content\/uploads\/2026\/04\/MIROIR-DUN-NAUFRAGE-affiche-DEF3-1_cropped_page-0001.jpg 1743w\" sizes=\"auto, (max-width: 1024px) 100vw, 1024px\" \/><\/figure>\n\n\n\n<figure class=\"wp-block-gallery has-nested-images columns-default is-cropped wp-block-gallery-1 is-layout-flex wp-block-gallery-is-layout-flex\">\n<figure class=\"wp-block-image size-large\"><img loading=\"lazy\" decoding=\"async\" width=\"697\" height=\"1024\" data-id=\"1047\" src=\"https:\/\/ciemonalisaklaxon.com\/wp-content\/uploads\/2026\/04\/Photo-Miroir-6-1-697x1024.jpg\" alt=\"\" class=\"wp-image-1047\" srcset=\"https:\/\/ciemonalisaklaxon.com\/wp-content\/uploads\/2026\/04\/Photo-Miroir-6-1-697x1024.jpg 697w, https:\/\/ciemonalisaklaxon.com\/wp-content\/uploads\/2026\/04\/Photo-Miroir-6-1-204x300.jpg 204w, https:\/\/ciemonalisaklaxon.com\/wp-content\/uploads\/2026\/04\/Photo-Miroir-6-1-768x1129.jpg 768w, https:\/\/ciemonalisaklaxon.com\/wp-content\/uploads\/2026\/04\/Photo-Miroir-6-1-1045x1536.jpg 1045w, https:\/\/ciemonalisaklaxon.com\/wp-content\/uploads\/2026\/04\/Photo-Miroir-6-1.jpg 1080w\" sizes=\"auto, (max-width: 697px) 100vw, 697px\" \/><\/figure>\n<\/figure>\n<\/div>\n\n\n\n<div class=\"wp-block-column is-layout-flow wp-block-column-is-layout-flow\">\n<p>Trois Blaise sont enferm\u00e9s dans un lieu qui pourrait bien symboliser leur propre psych\u00e9. Et si ces trois personnages n\u2019\u00e9taient en r\u00e9alit\u00e9 que les fragments d\u2019un seul esprit ?<br>Au fil de leur dialogue, se r\u00e9v\u00e8lent peu \u00e0 peu trois dimensions fondamentales du monde int\u00e9rieur, trois voix qui cohabitent, s\u2019interrogent, se heurtent. Tous les trois attendent l\u2019arriv\u00e9e d\u2019un visiteur, perturbateur ou messager, il pourrait bien \u00eatre le guide vers la compr\u00e9hension de l\u2019enfermement&#8230; et peut-\u00eatre, vers une lib\u00e9ration.<\/p>\n\n\n\n<p><strong>Distribution<\/strong><\/p>\n\n\n\n<p><strong>Mise en sc\u00e8ne:&nbsp;<\/strong>&nbsp;Marcos MALAVIA assist\u00e9 par Tristan Rivi\u00e8re<br><strong>Avec<\/strong>&nbsp;: Am\u00e9lie Dumetz, Abder Ouldhaddi et Marcos Malavia<br><strong>D\u00e9cor et lumi\u00e8res :<\/strong>&nbsp;Erick Priano<br><strong>Costumes :<\/strong>&nbsp;Benjamin Renault<br><strong>Production :<\/strong>&nbsp;Mona Lisa Klaxon et Paso-Prod.<br><strong>Coproduction<\/strong>: Th\u00e9\u00e2tre Le Colombier ( Bagnolet) Th\u00e9\u00e2tre des Tisserands ( Lomme) et la collaboration du Th\u00e9\u00e2tre des Carmes d\u2019Avignon<\/p>\n\n\n\n<p><strong>Avec le soutien:<\/strong>&nbsp;du Th\u00e9\u00e2tre de l\u2019\u00c9p\u00e9e de bois Cartoucherie de Vincennes et la collaboration du Th\u00e9\u00e2tre des Carmes d&rsquo;Avignon<br><strong>Tout Public<\/strong>&nbsp;\u00e0 partir de 14 ans<br><strong>Dur\u00e9e du spectacle<\/strong>&nbsp;1 heure 20 min<\/p>\n\n\n\n<p><strong>CR\u00c9ATION DE TEXTE &#8211; AVANT-PREMI\u00c8RE<\/strong><br>DU 4 AU 5 MAI 2026 \u00e0 19h30 au Th\u00e9\u00e2tre Le Colombier \u00e0 Bagnolet<\/p>\n\n\n\n<p><\/p>\n\n\n\n<figure class=\"wp-block-image size-large\"><img loading=\"lazy\" decoding=\"async\" width=\"1024\" height=\"682\" src=\"https:\/\/ciemonalisaklaxon.com\/wp-content\/uploads\/2026\/04\/Photo-Miroir-3-1024x682.jpg\" alt=\"\" class=\"wp-image-1041\" srcset=\"https:\/\/ciemonalisaklaxon.com\/wp-content\/uploads\/2026\/04\/Photo-Miroir-3-1024x682.jpg 1024w, https:\/\/ciemonalisaklaxon.com\/wp-content\/uploads\/2026\/04\/Photo-Miroir-3-300x200.jpg 300w, https:\/\/ciemonalisaklaxon.com\/wp-content\/uploads\/2026\/04\/Photo-Miroir-3-768x512.jpg 768w, https:\/\/ciemonalisaklaxon.com\/wp-content\/uploads\/2026\/04\/Photo-Miroir-3-450x300.jpg 450w, https:\/\/ciemonalisaklaxon.com\/wp-content\/uploads\/2026\/04\/Photo-Miroir-3.jpg 1280w\" sizes=\"auto, (max-width: 1024px) 100vw, 1024px\" \/><\/figure>\n<\/div>\n<\/div>\n\n\n\n<div class=\"wp-block-columns is-layout-flex wp-container-core-columns-is-layout-9d6595d7 wp-block-columns-is-layout-flex\">\n<div class=\"wp-block-column is-layout-flow wp-block-column-is-layout-flow\">\n<figure class=\"wp-block-gallery has-nested-images columns-default is-cropped wp-block-gallery-2 is-layout-flex wp-block-gallery-is-layout-flex\"><\/figure>\n<\/div>\n\n\n\n<div class=\"wp-block-column is-layout-flow wp-block-column-is-layout-flow\"><\/div>\n\n\n\n<div class=\"wp-block-column is-layout-flow wp-block-column-is-layout-flow\"><\/div>\n<\/div>\n","protected":false},"excerpt":{"rendered":"<p>Trois Blaise sont enferm\u00e9s dans un lieu qui pourrait bien symboliser leur propre psych\u00e9. Et si ces trois personnages n\u2019\u00e9taient en r\u00e9alit\u00e9 que les fragments &hellip;<\/p>\n","protected":false},"author":1,"featured_media":0,"parent":14,"menu_order":4,"comment_status":"closed","ping_status":"closed","template":"","meta":{"footnotes":""},"class_list":["post-1022","page","type-page","status-publish","hentry"],"_links":{"self":[{"href":"https:\/\/ciemonalisaklaxon.com\/index.php\/wp-json\/wp\/v2\/pages\/1022","targetHints":{"allow":["GET"]}}],"collection":[{"href":"https:\/\/ciemonalisaklaxon.com\/index.php\/wp-json\/wp\/v2\/pages"}],"about":[{"href":"https:\/\/ciemonalisaklaxon.com\/index.php\/wp-json\/wp\/v2\/types\/page"}],"author":[{"embeddable":true,"href":"https:\/\/ciemonalisaklaxon.com\/index.php\/wp-json\/wp\/v2\/users\/1"}],"replies":[{"embeddable":true,"href":"https:\/\/ciemonalisaklaxon.com\/index.php\/wp-json\/wp\/v2\/comments?post=1022"}],"version-history":[{"count":10,"href":"https:\/\/ciemonalisaklaxon.com\/index.php\/wp-json\/wp\/v2\/pages\/1022\/revisions"}],"predecessor-version":[{"id":1054,"href":"https:\/\/ciemonalisaklaxon.com\/index.php\/wp-json\/wp\/v2\/pages\/1022\/revisions\/1054"}],"up":[{"embeddable":true,"href":"https:\/\/ciemonalisaklaxon.com\/index.php\/wp-json\/wp\/v2\/pages\/14"}],"wp:attachment":[{"href":"https:\/\/ciemonalisaklaxon.com\/index.php\/wp-json\/wp\/v2\/media?parent=1022"}],"curies":[{"name":"wp","href":"https:\/\/api.w.org\/{rel}","templated":true}]}}